

{"id":27559,"date":"2022-03-15T12:22:02","date_gmt":"2022-03-15T11:22:02","guid":{"rendered":"https:\/\/www.gi.desarrolloidex.es\/branding\/"},"modified":"2022-07-01T11:16:27","modified_gmt":"2022-07-01T09:16:27","slug":"branding","status":"publish","type":"page","link":"https:\/\/www.grupoidex.es\/en\/branding\/","title":{"rendered":"Branding"},"content":{"rendered":"<section class=\"l-section wpb_row AlfredaThin height_medium\"><div class=\"l-section-h i-cf\"><div class=\"g-cols vc_row via_flex valign_top type_default stacking_default\"><div class=\"vc_col-sm-12 wpb_column vc_column_container\"><div class=\"vc_column-inner\"><div class=\"wpb_wrapper\"><div class=\"wpb_text_column us_custom_8f2ba1f4 us_animate_this\"><div class=\"wpb_wrapper\"><h1 style=\"text-align: center;\"><span class=\"AlfredaHeavy azul\">Breathing <\/span><br \/>\n<span class=\"AlfredaThin\">Brands<\/span><\/h1>\n<\/div><\/div><\/div><\/div><\/div><\/div><\/div><\/section><section class=\"l-section wpb_row us_custom_6e74c4b0 centrado height_medium\"><div class=\"l-section-h i-cf\"><div class=\"g-cols vc_row via_flex valign_top type_default stacking_default\"><div class=\"vc_col-sm-12 wpb_column vc_column_container\"><div class=\"vc_column-inner\"><div class=\"wpb_wrapper\"><div class=\"w-image us_custom_6e74c4b0 centrado fondo-fijo align_center\"><div class=\"w-image-h\"><img decoding=\"async\" width=\"1920\" height=\"1824\" src=\"https:\/\/www.grupoidex.es\/wp-content\/uploads\/2022\/03\/br-fondo-fijo.png\" class=\"attachment-full size-full\" alt=\"\" loading=\"lazy\" srcset=\"https:\/\/www.grupoidex.es\/wp-content\/uploads\/2022\/03\/br-fondo-fijo.png 1920w, https:\/\/www.grupoidex.es\/wp-content\/uploads\/2022\/03\/br-fondo-fijo-300x285.png 300w, https:\/\/www.grupoidex.es\/wp-content\/uploads\/2022\/03\/br-fondo-fijo-1024x973.png 1024w, https:\/\/www.grupoidex.es\/wp-content\/uploads\/2022\/03\/br-fondo-fijo-768x730.png 768w\" sizes=\"auto, (max-width: 1920px) 100vw, 1920px\" \/><\/div><\/div><div class=\"w-image us_custom_acd63e31 align_none\" id=\"brbola1\"><div class=\"w-image-h\"><img decoding=\"async\" width=\"600\" height=\"605\" src=\"https:\/\/www.grupoidex.es\/wp-content\/uploads\/2022\/03\/labola.png\" class=\"attachment-full size-full\" alt=\"\" loading=\"lazy\" srcset=\"https:\/\/www.grupoidex.es\/wp-content\/uploads\/2022\/03\/labola.png 600w, https:\/\/www.grupoidex.es\/wp-content\/uploads\/2022\/03\/labola-298x300.png 298w, https:\/\/www.grupoidex.es\/wp-content\/uploads\/2022\/03\/labola-150x150.png 150w\" sizes=\"auto, (max-width: 600px) 100vw, 600px\" \/><\/div><\/div><div class=\"w-image us_custom_cd98a8f9 align_none\" id=\"brbola2\"><div class=\"w-image-h\"><img decoding=\"async\" width=\"600\" height=\"605\" src=\"https:\/\/www.grupoidex.es\/wp-content\/uploads\/2022\/03\/labola.png\" class=\"attachment-full size-full\" alt=\"\" loading=\"lazy\" srcset=\"https:\/\/www.grupoidex.es\/wp-content\/uploads\/2022\/03\/labola.png 600w, https:\/\/www.grupoidex.es\/wp-content\/uploads\/2022\/03\/labola-298x300.png 298w, https:\/\/www.grupoidex.es\/wp-content\/uploads\/2022\/03\/labola-150x150.png 150w\" sizes=\"auto, (max-width: 600px) 100vw, 600px\" \/><\/div><\/div><div class=\"w-image us_custom_b1f98d22 align_none\" id=\"brbola3\"><div class=\"w-image-h\"><img decoding=\"async\" width=\"600\" height=\"605\" src=\"https:\/\/www.grupoidex.es\/wp-content\/uploads\/2022\/03\/labola.png\" class=\"attachment-full size-full\" alt=\"\" loading=\"lazy\" srcset=\"https:\/\/www.grupoidex.es\/wp-content\/uploads\/2022\/03\/labola.png 600w, https:\/\/www.grupoidex.es\/wp-content\/uploads\/2022\/03\/labola-298x300.png 298w, https:\/\/www.grupoidex.es\/wp-content\/uploads\/2022\/03\/labola-150x150.png 150w\" sizes=\"auto, (max-width: 600px) 100vw, 600px\" \/><\/div><\/div><\/div><\/div><\/div><\/div><\/div><\/section><section class=\"l-section wpb_row frases-hover height_medium width_full\"><div class=\"l-section-h i-cf\"><div class=\"g-cols vc_row via_flex valign_top type_default stacking_default\"><div class=\"vc_col-sm-1 wpb_column vc_column_container\"><div class=\"vc_column-inner\"><div class=\"wpb_wrapper\"><\/div><\/div><\/div><div class=\"vc_col-sm-10 wpb_column vc_column_container\"><div class=\"vc_column-inner\"><div class=\"wpb_wrapper\"><div class=\"wpb_text_column us_custom_9304067a cambio-hover centrado\"><div class=\"wpb_wrapper\"><p style=\"text-align: center;\"><span class=\"hover fade-in\">When<\/span> <span class=\"hover fade-in\">they<\/span> <span class=\"hover fade-in\">are<\/span> <span class=\"hover fade-in\">well<\/span> <span class=\"hover fade-in\">built,<\/span> <span class=\"hover fade-in\">brands<\/span> <span class=\"hover fade-in\">are<\/span> <span class=\"hover fade-in\">almost<\/span> <span class=\"hover fade-in\">like<\/span> <span class=\"hover fade-in\">living<\/span> <span class=\"hover fade-in\">things.<\/span> <span class=\"hover fade-in\">They<\/span> <span class=\"hover fade-in\">grow.<\/span> <span class=\"hover fade-in\">They<\/span> <span class=\"hover fade-in\">breathe.<\/span> <span class=\"hover fade-in\">They<\/span> <span class=\"hover fade-in\">inspire.<\/span> <span class=\"hover fade-in\">That&#8217;s<\/span> <span class=\"hover fade-in\">why<\/span> <span class=\"hover fade-in\">we<\/span> <span class=\"hover fade-in\">love<\/span> <span class=\"hover fade-in\">to<\/span> <span class=\"hover fade-in\">create<\/span> <span class=\"hover fade-in\">them<\/span> <span class=\"hover fade-in\">from<\/span> <span class=\"hover fade-in\">scratch.<\/span> <span class=\"hover fade-in\">Or<\/span> <span class=\"hover fade-in\">dialogue<\/span> <span class=\"hover fade-in\">with<\/span> <span class=\"hover fade-in\">those<\/span> <span class=\"hover fade-in\">that<\/span> <span class=\"hover fade-in\">already<\/span> <span class=\"hover fade-in\">exist<\/span> <span class=\"hover fade-in\">to<\/span> <span class=\"hover fade-in\">discover<\/span> <span class=\"hover fade-in\">the<\/span> <span class=\"hover fade-in\">best<\/span> <span class=\"hover fade-in\">way<\/span> <span class=\"hover fade-in\">to<\/span> <span class=\"hover fade-in\">dress<\/span> <span class=\"hover fade-in\">them<\/span> <span class=\"hover fade-in\">with<\/span> <span class=\"hover fade-in\">novelty<\/span> <span class=\"hover fade-in\">without<\/span> <span class=\"hover fade-in\">renouncing<\/span> <span class=\"hover fade-in\">their<\/span> <span class=\"hover fade-in\">essence.<\/span><\/p>\n<\/div><\/div><\/div><\/div><\/div><div class=\"vc_col-sm-1 wpb_column vc_column_container\"><div class=\"vc_column-inner\"><div class=\"wpb_wrapper\"><\/div><\/div><\/div><\/div><\/div><\/section><section class=\"l-section wpb_row us_custom_a2ebf4ae movil-no height_medium\"><div class=\"l-section-h i-cf\"><div class=\"g-cols vc_row via_flex valign_top type_default stacking_default\"><div class=\"vc_col-sm-4 wpb_column vc_column_container\"><div class=\"vc_column-inner\"><div class=\"wpb_wrapper\"><div class=\"wpb_text_column us_custom_f693ffa6\"><div class=\"wpb_wrapper\"><p><strong>Because branding, as we understand it, goes far beyond from the development of a logo. It demands translating into visual language the strategic characteristics and values that must be breathed continuously and coherently in every heartbeat of the brand. In every step of its trajectory. Every time it says: &#8220;I exist&#8221;.<\/strong><\/p>\n<\/div><\/div><\/div><\/div><\/div><div class=\"vc_col-sm-8 wpb_column vc_column_container\"><div class=\"vc_column-inner\"><div class=\"wpb_wrapper\"><\/div><\/div><\/div><\/div><\/div><\/section><section class=\"l-section wpb_row us_custom_6e74c4b0 interior-centrado imagen-creative-strategy maximo-imagen-animada height_medium\"><div class=\"l-section-h i-cf\"><div class=\"g-cols vc_row via_flex valign_top type_default stacking_default\"><div class=\"vc_col-sm-12 wpb_column vc_column_container\"><div class=\"vc_column-inner\"><div class=\"wpb_wrapper\"><div class=\"w-image us_custom_6e74c4b0 centrado fondo-fijo align_center\"><div class=\"w-image-h\"><img decoding=\"async\" width=\"1920\" height=\"1991\" src=\"https:\/\/www.grupoidex.es\/wp-content\/uploads\/2022\/03\/br2-fondo-fijo.png\" class=\"attachment-full size-full\" alt=\"\" loading=\"lazy\" srcset=\"https:\/\/www.grupoidex.es\/wp-content\/uploads\/2022\/03\/br2-fondo-fijo.png 1920w, https:\/\/www.grupoidex.es\/wp-content\/uploads\/2022\/03\/br2-fondo-fijo-289x300.png 289w, https:\/\/www.grupoidex.es\/wp-content\/uploads\/2022\/03\/br2-fondo-fijo-987x1024.png 987w, https:\/\/www.grupoidex.es\/wp-content\/uploads\/2022\/03\/br2-fondo-fijo-768x796.png 768w\" sizes=\"auto, (max-width: 1920px) 100vw, 1920px\" \/><\/div><\/div><div class=\"w-image us_custom_acd63e31 align_none\" id=\"br2bola1\"><div class=\"w-image-h\"><img decoding=\"async\" width=\"600\" height=\"605\" src=\"https:\/\/www.grupoidex.es\/wp-content\/uploads\/2022\/03\/labola.png\" class=\"attachment-full size-full\" alt=\"\" loading=\"lazy\" srcset=\"https:\/\/www.grupoidex.es\/wp-content\/uploads\/2022\/03\/labola.png 600w, https:\/\/www.grupoidex.es\/wp-content\/uploads\/2022\/03\/labola-298x300.png 298w, https:\/\/www.grupoidex.es\/wp-content\/uploads\/2022\/03\/labola-150x150.png 150w\" sizes=\"auto, (max-width: 600px) 100vw, 600px\" \/><\/div><\/div><div class=\"w-image us_custom_b1f98d22 align_none\" id=\"br2bola2\"><div class=\"w-image-h\"><img decoding=\"async\" width=\"600\" height=\"605\" src=\"https:\/\/www.grupoidex.es\/wp-content\/uploads\/2022\/03\/labola.png\" class=\"attachment-full size-full\" alt=\"\" loading=\"lazy\" srcset=\"https:\/\/www.grupoidex.es\/wp-content\/uploads\/2022\/03\/labola.png 600w, https:\/\/www.grupoidex.es\/wp-content\/uploads\/2022\/03\/labola-298x300.png 298w, https:\/\/www.grupoidex.es\/wp-content\/uploads\/2022\/03\/labola-150x150.png 150w\" sizes=\"auto, (max-width: 600px) 100vw, 600px\" \/><\/div><\/div><div class=\"w-image us_custom_355ae34f align_none\" id=\"br2bola3\"><div class=\"w-image-h\"><img decoding=\"async\" width=\"600\" height=\"605\" src=\"https:\/\/www.grupoidex.es\/wp-content\/uploads\/2022\/03\/labola.png\" class=\"attachment-full size-full\" alt=\"\" loading=\"lazy\" srcset=\"https:\/\/www.grupoidex.es\/wp-content\/uploads\/2022\/03\/labola.png 600w, https:\/\/www.grupoidex.es\/wp-content\/uploads\/2022\/03\/labola-298x300.png 298w, https:\/\/www.grupoidex.es\/wp-content\/uploads\/2022\/03\/labola-150x150.png 150w\" sizes=\"auto, (max-width: 600px) 100vw, 600px\" \/><\/div><\/div><div class=\"w-image us_custom_acd63e31 align_none\" id=\"br2bola4\"><div class=\"w-image-h\"><img decoding=\"async\" width=\"600\" height=\"605\" src=\"https:\/\/www.grupoidex.es\/wp-content\/uploads\/2022\/03\/labola.png\" class=\"attachment-full size-full\" alt=\"\" loading=\"lazy\" srcset=\"https:\/\/www.grupoidex.es\/wp-content\/uploads\/2022\/03\/labola.png 600w, https:\/\/www.grupoidex.es\/wp-content\/uploads\/2022\/03\/labola-298x300.png 298w, https:\/\/www.grupoidex.es\/wp-content\/uploads\/2022\/03\/labola-150x150.png 150w\" sizes=\"auto, (max-width: 600px) 100vw, 600px\" \/><\/div><\/div><\/div><\/div><\/div><\/div><\/div><\/section><section class=\"l-section wpb_row us_custom_a2ebf4ae texto-branding height_auto\"><div class=\"l-section-h i-cf\"><div class=\"g-cols vc_row via_flex valign_top type_default stacking_default\"><div class=\"vc_col-sm-6 wpb_column vc_column_container\"><div class=\"vc_column-inner\"><div class=\"wpb_wrapper\"><\/div><\/div><\/div><div class=\"vc_col-sm-6 wpb_column vc_column_container\"><div class=\"vc_column-inner\"><div class=\"wpb_wrapper\"><div class=\"wpb_text_column us_custom_f693ffa6 movil-si\"><div class=\"wpb_wrapper\"><p><strong>Because branding, as we understand it, goes far beyond from the development of a logo. It demands translating into visual language the strategic characteristics and values that must be breathed continuously and coherently in every heartbeat of the brand. In every step of its trajectory. Every time it says: &#8220;I exist&#8221;.<\/strong><\/p>\n<\/div><\/div><div class=\"wpb_text_column us_custom_7305c847\"><div class=\"wpb_wrapper\"><ul class=\"lista-circulos-azules\">\n<li><strong>Naming<\/strong><\/li>\n<li><strong>Corporate Identity<\/strong><\/li>\n<li><strong>Branding<\/strong><\/li>\n<li><strong>Graphic and Editorial Design<\/strong><\/li>\n<li><strong>Packaging<\/strong><\/li>\n<li><strong>Art Direction<\/strong><\/li>\n<\/ul>\n<\/div><\/div><\/div><\/div><\/div><\/div><\/div><\/section><section class=\"l-section wpb_row height_medium\"><div class=\"l-section-h i-cf\"><div class=\"g-cols vc_row via_flex valign_top type_default stacking_default\"><div class=\"vc_col-sm-12 wpb_column vc_column_container\"><div class=\"vc_column-inner\"><div class=\"wpb_wrapper\"><div class=\"w-separator tablet-no size_custom\" style=\"height:0rem\"><\/div><div class=\"w-separator tablet-si size_custom\" style=\"height:3rem\"><\/div><div class=\"w-separator movil-si size_custom\" style=\"height:0.5rem\"><\/div><\/div><\/div><\/div><\/div><\/div><\/section>\n","protected":false},"excerpt":{"rendered":"Breathing Brands When they are well built, brands are almost like living things. They grow. They breathe. They inspire. That&#8217;s why we love to create them from scratch. Or dialogue with those that already exist to discover the best way to dress them with novelty without renouncing their essence. Because branding, as we understand it,...","protected":false},"author":2,"featured_media":0,"parent":0,"menu_order":0,"comment_status":"closed","ping_status":"closed","template":"","meta":{"_acf_changed":false,"footnotes":""},"class_list":["post-27559","page","type-page","status-publish","hentry"],"acf":[],"yoast_head":"<!-- This site is optimized with the Yoast SEO plugin v27.5 - https:\/\/yoast.com\/product\/yoast-seo-wordpress\/ -->\n<title>Branding, dise\u00f1o gr\u00e1fico y comunicaci\u00f3n visual corporativa | Grupoidex<\/title>\n<meta name=\"description\" content=\"Las soluciones de dise\u00f1o gr\u00e1fico y branding que propone Grupoidex tienen como objetivo generar un v\u00ednculo emocional y sensorial entre marcas y consumidores.\" \/>\n<meta name=\"robots\" content=\"index, follow, max-snippet:-1, max-image-preview:large, max-video-preview:-1\" \/>\n<link rel=\"canonical\" href=\"https:\/\/www.gi.desarrolloidex.es\/en\/branding\/\" \/>\n<meta property=\"og:locale\" content=\"en_US\" \/>\n<meta property=\"og:type\" content=\"article\" \/>\n<meta property=\"og:title\" content=\"Branding, dise\u00f1o gr\u00e1fico y comunicaci\u00f3n visual corporativa | Grupoidex\" \/>\n<meta property=\"og:description\" content=\"Las soluciones de dise\u00f1o gr\u00e1fico y branding que propone Grupoidex tienen como objetivo generar un v\u00ednculo emocional y sensorial entre marcas y consumidores.\" \/>\n<meta property=\"og:url\" content=\"https:\/\/www.gi.desarrolloidex.es\/en\/branding\/\" \/>\n<meta property=\"og:site_name\" content=\"Grupoidex\" \/>\n<meta property=\"article:publisher\" content=\"https:\/\/www.facebook.com\/grupoidex\" \/>\n<meta property=\"article:modified_time\" content=\"2022-07-01T09:16:27+00:00\" \/>\n<meta name=\"twitter:card\" content=\"summary_large_image\" \/>\n<meta name=\"twitter:site\" content=\"@grupoidex\" \/>\n<meta name=\"twitter:label1\" content=\"Est. reading time\" \/>\n\t<meta name=\"twitter:data1\" content=\"2 minutes\" \/>\n<script type=\"application\/ld+json\" class=\"yoast-schema-graph\">{\"@context\":\"https:\\\/\\\/schema.org\",\"@graph\":[{\"@type\":\"WebPage\",\"@id\":\"https:\\\/\\\/www.gi.desarrolloidex.es\\\/en\\\/branding\\\/\",\"url\":\"https:\\\/\\\/www.gi.desarrolloidex.es\\\/en\\\/branding\\\/\",\"name\":\"Branding, dise\u00f1o gr\u00e1fico y comunicaci\u00f3n visual corporativa | Grupoidex\",\"isPartOf\":{\"@id\":\"https:\\\/\\\/www.grupoidex.es\\\/#website\"},\"datePublished\":\"2022-03-15T11:22:02+00:00\",\"dateModified\":\"2022-07-01T09:16:27+00:00\",\"description\":\"Las soluciones de dise\u00f1o gr\u00e1fico y branding que propone Grupoidex tienen como objetivo generar un v\u00ednculo emocional y sensorial entre marcas y consumidores.\",\"breadcrumb\":{\"@id\":\"https:\\\/\\\/www.gi.desarrolloidex.es\\\/en\\\/branding\\\/#breadcrumb\"},\"inLanguage\":\"en-US\",\"potentialAction\":[{\"@type\":\"ReadAction\",\"target\":[\"https:\\\/\\\/www.gi.desarrolloidex.es\\\/en\\\/branding\\\/\"]}]},{\"@type\":\"BreadcrumbList\",\"@id\":\"https:\\\/\\\/www.gi.desarrolloidex.es\\\/en\\\/branding\\\/#breadcrumb\",\"itemListElement\":[{\"@type\":\"ListItem\",\"position\":1,\"name\":\"Portada\",\"item\":\"https:\\\/\\\/www.grupoidex.es\\\/en\\\/\"},{\"@type\":\"ListItem\",\"position\":2,\"name\":\"Branding\"}]},{\"@type\":\"WebSite\",\"@id\":\"https:\\\/\\\/www.grupoidex.es\\\/#website\",\"url\":\"https:\\\/\\\/www.grupoidex.es\\\/\",\"name\":\"Grupoidex\",\"description\":\"Consultor\u00eda de comunicaci\u00f3n global con m\u00e1s de 20 a\u00f1os de actividad y trayectoria en el \u00e1mbito nacional e internacional.\",\"publisher\":{\"@id\":\"https:\\\/\\\/www.grupoidex.es\\\/#organization\"},\"potentialAction\":[{\"@type\":\"SearchAction\",\"target\":{\"@type\":\"EntryPoint\",\"urlTemplate\":\"https:\\\/\\\/www.grupoidex.es\\\/?s={search_term_string}\"},\"query-input\":{\"@type\":\"PropertyValueSpecification\",\"valueRequired\":true,\"valueName\":\"search_term_string\"}}],\"inLanguage\":\"en-US\"},{\"@type\":\"Organization\",\"@id\":\"https:\\\/\\\/www.grupoidex.es\\\/#organization\",\"name\":\"Grupoidex\",\"url\":\"https:\\\/\\\/www.grupoidex.es\\\/\",\"logo\":{\"@type\":\"ImageObject\",\"inLanguage\":\"en-US\",\"@id\":\"https:\\\/\\\/www.grupoidex.es\\\/#\\\/schema\\\/logo\\\/image\\\/\",\"url\":\"https:\\\/\\\/www.grupoidex.es\\\/wp-content\\\/uploads\\\/2018\\\/06\\\/favicon.png\",\"contentUrl\":\"https:\\\/\\\/www.grupoidex.es\\\/wp-content\\\/uploads\\\/2018\\\/06\\\/favicon.png\",\"width\":276,\"height\":276,\"caption\":\"Grupoidex\"},\"image\":{\"@id\":\"https:\\\/\\\/www.grupoidex.es\\\/#\\\/schema\\\/logo\\\/image\\\/\"},\"sameAs\":[\"https:\\\/\\\/www.facebook.com\\\/grupoidex\",\"https:\\\/\\\/x.com\\\/grupoidex\",\"https:\\\/\\\/www.instagram.com\\\/grupoidex\\\/\",\"https:\\\/\\\/www.linkedin.com\\\/company\\\/grupoidex\"]}]}<\/script>\n<!-- \/ Yoast SEO plugin. -->","yoast_head_json":{"title":"Branding, dise\u00f1o gr\u00e1fico y comunicaci\u00f3n visual corporativa | Grupoidex","description":"Las soluciones de dise\u00f1o gr\u00e1fico y branding que propone Grupoidex tienen como objetivo generar un v\u00ednculo emocional y sensorial entre marcas y consumidores.","robots":{"index":"index","follow":"follow","max-snippet":"max-snippet:-1","max-image-preview":"max-image-preview:large","max-video-preview":"max-video-preview:-1"},"canonical":"https:\/\/www.gi.desarrolloidex.es\/en\/branding\/","og_locale":"en_US","og_type":"article","og_title":"Branding, dise\u00f1o gr\u00e1fico y comunicaci\u00f3n visual corporativa | Grupoidex","og_description":"Las soluciones de dise\u00f1o gr\u00e1fico y branding que propone Grupoidex tienen como objetivo generar un v\u00ednculo emocional y sensorial entre marcas y consumidores.","og_url":"https:\/\/www.gi.desarrolloidex.es\/en\/branding\/","og_site_name":"Grupoidex","article_publisher":"https:\/\/www.facebook.com\/grupoidex","article_modified_time":"2022-07-01T09:16:27+00:00","twitter_card":"summary_large_image","twitter_site":"@grupoidex","twitter_misc":{"Est. reading time":"2 minutes"},"schema":{"@context":"https:\/\/schema.org","@graph":[{"@type":"WebPage","@id":"https:\/\/www.gi.desarrolloidex.es\/en\/branding\/","url":"https:\/\/www.gi.desarrolloidex.es\/en\/branding\/","name":"Branding, dise\u00f1o gr\u00e1fico y comunicaci\u00f3n visual corporativa | Grupoidex","isPartOf":{"@id":"https:\/\/www.grupoidex.es\/#website"},"datePublished":"2022-03-15T11:22:02+00:00","dateModified":"2022-07-01T09:16:27+00:00","description":"Las soluciones de dise\u00f1o gr\u00e1fico y branding que propone Grupoidex tienen como objetivo generar un v\u00ednculo emocional y sensorial entre marcas y consumidores.","breadcrumb":{"@id":"https:\/\/www.gi.desarrolloidex.es\/en\/branding\/#breadcrumb"},"inLanguage":"en-US","potentialAction":[{"@type":"ReadAction","target":["https:\/\/www.gi.desarrolloidex.es\/en\/branding\/"]}]},{"@type":"BreadcrumbList","@id":"https:\/\/www.gi.desarrolloidex.es\/en\/branding\/#breadcrumb","itemListElement":[{"@type":"ListItem","position":1,"name":"Portada","item":"https:\/\/www.grupoidex.es\/en\/"},{"@type":"ListItem","position":2,"name":"Branding"}]},{"@type":"WebSite","@id":"https:\/\/www.grupoidex.es\/#website","url":"https:\/\/www.grupoidex.es\/","name":"Grupoidex","description":"Consultor\u00eda de comunicaci\u00f3n global con m\u00e1s de 20 a\u00f1os de actividad y trayectoria en el \u00e1mbito nacional e internacional.","publisher":{"@id":"https:\/\/www.grupoidex.es\/#organization"},"potentialAction":[{"@type":"SearchAction","target":{"@type":"EntryPoint","urlTemplate":"https:\/\/www.grupoidex.es\/?s={search_term_string}"},"query-input":{"@type":"PropertyValueSpecification","valueRequired":true,"valueName":"search_term_string"}}],"inLanguage":"en-US"},{"@type":"Organization","@id":"https:\/\/www.grupoidex.es\/#organization","name":"Grupoidex","url":"https:\/\/www.grupoidex.es\/","logo":{"@type":"ImageObject","inLanguage":"en-US","@id":"https:\/\/www.grupoidex.es\/#\/schema\/logo\/image\/","url":"https:\/\/www.grupoidex.es\/wp-content\/uploads\/2018\/06\/favicon.png","contentUrl":"https:\/\/www.grupoidex.es\/wp-content\/uploads\/2018\/06\/favicon.png","width":276,"height":276,"caption":"Grupoidex"},"image":{"@id":"https:\/\/www.grupoidex.es\/#\/schema\/logo\/image\/"},"sameAs":["https:\/\/www.facebook.com\/grupoidex","https:\/\/x.com\/grupoidex","https:\/\/www.instagram.com\/grupoidex\/","https:\/\/www.linkedin.com\/company\/grupoidex"]}]}},"_links":{"self":[{"href":"https:\/\/www.grupoidex.es\/en\/wp-json\/wp\/v2\/pages\/27559","targetHints":{"allow":["GET"]}}],"collection":[{"href":"https:\/\/www.grupoidex.es\/en\/wp-json\/wp\/v2\/pages"}],"about":[{"href":"https:\/\/www.grupoidex.es\/en\/wp-json\/wp\/v2\/types\/page"}],"author":[{"embeddable":true,"href":"https:\/\/www.grupoidex.es\/en\/wp-json\/wp\/v2\/users\/2"}],"replies":[{"embeddable":true,"href":"https:\/\/www.grupoidex.es\/en\/wp-json\/wp\/v2\/comments?post=27559"}],"version-history":[{"count":2,"href":"https:\/\/www.grupoidex.es\/en\/wp-json\/wp\/v2\/pages\/27559\/revisions"}],"predecessor-version":[{"id":27561,"href":"https:\/\/www.grupoidex.es\/en\/wp-json\/wp\/v2\/pages\/27559\/revisions\/27561"}],"wp:attachment":[{"href":"https:\/\/www.grupoidex.es\/en\/wp-json\/wp\/v2\/media?parent=27559"}],"curies":[{"name":"wp","href":"https:\/\/api.w.org\/{rel}","templated":true}]}}