

{"id":27344,"date":"2022-03-15T13:07:14","date_gmt":"2022-03-15T12:07:14","guid":{"rendered":"https:\/\/www.gi.desarrolloidex.es\/audiovisual-and-branded-content\/"},"modified":"2022-07-04T13:37:57","modified_gmt":"2022-07-04T11:37:57","slug":"audiovisual-and-branded-content","status":"publish","type":"page","link":"https:\/\/www.grupoidex.es\/en\/audiovisual-and-branded-content\/","title":{"rendered":"Audiovisual &#038; Branded Content"},"content":{"rendered":"<section class=\"l-section wpb_row AlfredaThin height_medium\"><div class=\"l-section-h i-cf\"><div class=\"g-cols vc_row via_flex valign_top type_default stacking_default\"><div class=\"vc_col-sm-12 wpb_column vc_column_container\"><div class=\"vc_column-inner\"><div class=\"wpb_wrapper\"><div class=\"wpb_text_column us_custom_8f2ba1f4 us_animate_this\"><div class=\"wpb_wrapper\"><h1 style=\"text-align: center;\"><span class=\"AlfredaHeavy azul\">What do I<\/span><br \/>\n<span class=\"AlfredaThin\">want to<\/span><br \/>\n<span class=\"AlfredaHeavy azul\">see today?<\/span><\/h1>\n<\/div><\/div><\/div><\/div><\/div><\/div><\/div><\/section><section class=\"l-section wpb_row us_custom_6e74c4b0 centrado height_medium\"><div class=\"l-section-h i-cf\"><div class=\"g-cols vc_row via_flex valign_top type_default stacking_default\"><div class=\"vc_col-sm-12 wpb_column vc_column_container\"><div class=\"vc_column-inner\"><div class=\"wpb_wrapper\"><div class=\"w-image us_custom_6e74c4b0 centrado fondo-fijo align_center\"><div class=\"w-image-h\"><img decoding=\"async\" width=\"1920\" height=\"1679\" src=\"https:\/\/www.grupoidex.es\/wp-content\/uploads\/2022\/03\/abcfondo-fijo.png\" class=\"attachment-full size-full\" alt=\"\" loading=\"lazy\" srcset=\"https:\/\/www.grupoidex.es\/wp-content\/uploads\/2022\/03\/abcfondo-fijo.png 1920w, https:\/\/www.grupoidex.es\/wp-content\/uploads\/2022\/03\/abcfondo-fijo-300x262.png 300w, https:\/\/www.grupoidex.es\/wp-content\/uploads\/2022\/03\/abcfondo-fijo-1024x895.png 1024w, https:\/\/www.grupoidex.es\/wp-content\/uploads\/2022\/03\/abcfondo-fijo-768x672.png 768w\" sizes=\"auto, (max-width: 1920px) 100vw, 1920px\" \/><\/div><\/div><div class=\"w-image us_custom_ebfa5e4f align_none\" id=\"abcbola1\"><div class=\"w-image-h\"><img decoding=\"async\" width=\"600\" height=\"605\" src=\"https:\/\/www.grupoidex.es\/wp-content\/uploads\/2022\/03\/labola.png\" class=\"attachment-full size-full\" alt=\"\" loading=\"lazy\" srcset=\"https:\/\/www.grupoidex.es\/wp-content\/uploads\/2022\/03\/labola.png 600w, https:\/\/www.grupoidex.es\/wp-content\/uploads\/2022\/03\/labola-298x300.png 298w, https:\/\/www.grupoidex.es\/wp-content\/uploads\/2022\/03\/labola-150x150.png 150w\" sizes=\"auto, (max-width: 600px) 100vw, 600px\" \/><\/div><\/div><div class=\"w-image us_custom_adc41db2 align_none\" id=\"abcbola2\"><div class=\"w-image-h\"><img decoding=\"async\" width=\"600\" height=\"605\" src=\"https:\/\/www.grupoidex.es\/wp-content\/uploads\/2022\/03\/labola.png\" class=\"attachment-full size-full\" alt=\"\" loading=\"lazy\" srcset=\"https:\/\/www.grupoidex.es\/wp-content\/uploads\/2022\/03\/labola.png 600w, https:\/\/www.grupoidex.es\/wp-content\/uploads\/2022\/03\/labola-298x300.png 298w, https:\/\/www.grupoidex.es\/wp-content\/uploads\/2022\/03\/labola-150x150.png 150w\" sizes=\"auto, (max-width: 600px) 100vw, 600px\" \/><\/div><\/div><div class=\"w-image us_custom_f36b8beb align_none\" id=\"abcbola3\"><div class=\"w-image-h\"><img decoding=\"async\" width=\"600\" height=\"605\" src=\"https:\/\/www.grupoidex.es\/wp-content\/uploads\/2022\/03\/labola.png\" class=\"attachment-full size-full\" alt=\"\" loading=\"lazy\" srcset=\"https:\/\/www.grupoidex.es\/wp-content\/uploads\/2022\/03\/labola.png 600w, https:\/\/www.grupoidex.es\/wp-content\/uploads\/2022\/03\/labola-298x300.png 298w, https:\/\/www.grupoidex.es\/wp-content\/uploads\/2022\/03\/labola-150x150.png 150w\" sizes=\"auto, (max-width: 600px) 100vw, 600px\" \/><\/div><\/div><div class=\"w-image us_custom_b1f98d22 align_none\" id=\"abcbola4\"><div class=\"w-image-h\"><img decoding=\"async\" width=\"600\" height=\"605\" src=\"https:\/\/www.grupoidex.es\/wp-content\/uploads\/2022\/03\/labola.png\" class=\"attachment-full size-full\" alt=\"\" loading=\"lazy\" srcset=\"https:\/\/www.grupoidex.es\/wp-content\/uploads\/2022\/03\/labola.png 600w, https:\/\/www.grupoidex.es\/wp-content\/uploads\/2022\/03\/labola-298x300.png 298w, https:\/\/www.grupoidex.es\/wp-content\/uploads\/2022\/03\/labola-150x150.png 150w\" sizes=\"auto, (max-width: 600px) 100vw, 600px\" \/><\/div><\/div><\/div><\/div><\/div><\/div><\/div><\/section><section class=\"l-section wpb_row frases-hover height_medium width_full\"><div class=\"l-section-h i-cf\"><div class=\"g-cols vc_row via_flex valign_top type_default stacking_default\"><div class=\"vc_col-sm-1 wpb_column vc_column_container\"><div class=\"vc_column-inner\"><div class=\"wpb_wrapper\"><\/div><\/div><\/div><div class=\"vc_col-sm-10 wpb_column vc_column_container\"><div class=\"vc_column-inner\"><div class=\"wpb_wrapper\"><div class=\"wpb_text_column us_custom_9304067a cambio-hover centrado\"><div class=\"wpb_wrapper\"><p style=\"text-align: center;\"><span class=\"hover fade-in\">In<\/span> <span class=\"hover fade-in\">a<\/span> <span class=\"hover fade-in\">world<\/span> <span class=\"hover fade-in\">where<\/span> <span class=\"hover fade-in\">the<\/span> <span class=\"hover fade-in\">supply<\/span> <span class=\"hover fade-in\">and<\/span> <span class=\"hover fade-in\">variety<\/span> <span class=\"hover fade-in\">of<\/span> <span class=\"hover fade-in\">audiovisual<\/span> <span class=\"hover fade-in\">content<\/span> <span class=\"hover fade-in\">has<\/span> <span class=\"hover fade-in\">multiplied,<\/span> <span class=\"hover fade-in\">this<\/span> <span class=\"hover fade-in\">is<\/span> <span class=\"hover fade-in\">a<\/span> <span class=\"hover fade-in\">question<\/span> <span class=\"hover fade-in\">that<\/span> <span class=\"hover fade-in\">hundreds<\/span> <span class=\"hover fade-in\">of<\/span> <span class=\"hover fade-in\">millions<\/span> <span class=\"hover fade-in\">of<\/span> <span class=\"hover fade-in\">people<\/span> <span class=\"hover fade-in\">face<\/span> <span class=\"hover fade-in\">every<\/span> <span class=\"hover fade-in\">day.<\/span><\/p>\n<\/div><\/div><\/div><\/div><\/div><div class=\"vc_col-sm-1 wpb_column vc_column_container\"><div class=\"vc_column-inner\"><div class=\"wpb_wrapper\"><\/div><\/div><\/div><\/div><\/div><\/section><section class=\"l-section wpb_row us_custom_bf270b8f movil-no height_auto width_full\"><div class=\"l-section-h i-cf\"><div class=\"g-cols vc_row via_flex valign_top type_default stacking_default\"><div class=\"vc_col-sm-1 wpb_column vc_column_container\"><div class=\"vc_column-inner\"><div class=\"wpb_wrapper\"><\/div><\/div><\/div><div class=\"vc_col-sm-10 wpb_column vc_column_container\"><div class=\"vc_column-inner\"><div class=\"wpb_wrapper\"><div class=\"g-cols wpb_row via_flex valign_middle type_default stacking_default\" style=\"--additional-gap:1.5rem;\"><div class=\"vc_col-sm-6 wpb_column vc_column_container\"><div class=\"vc_column-inner\"><div class=\"wpb_wrapper\"><div class=\"wpb_text_column us_custom_5b7639e0\"><div class=\"wpb_wrapper\"><p><strong>Brands should not ignore it. Because the key to their communication strategy can go through the development of audiovisual proposals that respond to it, providing their different audiences with formats that they really want to see. A real contribution of value in terms of entertainment, adherence to trends, didactics and, in short, content.<\/strong><\/p>\n<p><strong>At Grupoidex we are inspired by the essence of each brand to create, develop and produce unique branded content proposals. Pieces that your audiences want and choose to see.<\/strong><\/p>\n<\/div><\/div><\/div><\/div><\/div><div class=\"vc_col-sm-6 wpb_column vc_column_container centrado\"><div class=\"vc_column-inner us_custom_673f184b\"><div class=\"wpb_wrapper\"><div class=\"w-image us_custom_6e74c4b0 centrado fondo-fijo align_center\"><div class=\"w-image-h\"><img decoding=\"async\" width=\"960\" height=\"1254\" src=\"https:\/\/www.grupoidex.es\/wp-content\/uploads\/2022\/03\/abc2fondo-fijo.png\" class=\"attachment-full size-full\" alt=\"\" loading=\"lazy\" srcset=\"https:\/\/www.grupoidex.es\/wp-content\/uploads\/2022\/03\/abc2fondo-fijo.png 960w, https:\/\/www.grupoidex.es\/wp-content\/uploads\/2022\/03\/abc2fondo-fijo-230x300.png 230w, https:\/\/www.grupoidex.es\/wp-content\/uploads\/2022\/03\/abc2fondo-fijo-784x1024.png 784w, https:\/\/www.grupoidex.es\/wp-content\/uploads\/2022\/03\/abc2fondo-fijo-768x1003.png 768w\" sizes=\"auto, (max-width: 960px) 100vw, 960px\" \/><\/div><\/div><div class=\"w-image us_custom_d1a53869 align_none\" id=\"abc2bola1\"><div class=\"w-image-h\"><img decoding=\"async\" width=\"600\" height=\"605\" src=\"https:\/\/www.grupoidex.es\/wp-content\/uploads\/2022\/03\/labola.png\" class=\"attachment-full size-full\" alt=\"\" loading=\"lazy\" srcset=\"https:\/\/www.grupoidex.es\/wp-content\/uploads\/2022\/03\/labola.png 600w, https:\/\/www.grupoidex.es\/wp-content\/uploads\/2022\/03\/labola-298x300.png 298w, https:\/\/www.grupoidex.es\/wp-content\/uploads\/2022\/03\/labola-150x150.png 150w\" sizes=\"auto, (max-width: 600px) 100vw, 600px\" \/><\/div><\/div><div class=\"w-image us_custom_b57ab12a align_none\" id=\"abc2bola2\"><div class=\"w-image-h\"><img decoding=\"async\" width=\"600\" height=\"605\" src=\"https:\/\/www.grupoidex.es\/wp-content\/uploads\/2022\/03\/labola.png\" class=\"attachment-full size-full\" alt=\"\" loading=\"lazy\" srcset=\"https:\/\/www.grupoidex.es\/wp-content\/uploads\/2022\/03\/labola.png 600w, https:\/\/www.grupoidex.es\/wp-content\/uploads\/2022\/03\/labola-298x300.png 298w, https:\/\/www.grupoidex.es\/wp-content\/uploads\/2022\/03\/labola-150x150.png 150w\" sizes=\"auto, (max-width: 600px) 100vw, 600px\" \/><\/div><\/div><div class=\"w-image us_custom_d0b71bea align_none\" id=\"abc2bola3\"><div class=\"w-image-h\"><img decoding=\"async\" width=\"600\" height=\"605\" src=\"https:\/\/www.grupoidex.es\/wp-content\/uploads\/2022\/03\/labola.png\" class=\"attachment-full size-full\" alt=\"\" loading=\"lazy\" srcset=\"https:\/\/www.grupoidex.es\/wp-content\/uploads\/2022\/03\/labola.png 600w, https:\/\/www.grupoidex.es\/wp-content\/uploads\/2022\/03\/labola-298x300.png 298w, https:\/\/www.grupoidex.es\/wp-content\/uploads\/2022\/03\/labola-150x150.png 150w\" sizes=\"auto, (max-width: 600px) 100vw, 600px\" \/><\/div><\/div><\/div><\/div><\/div><\/div><\/div><\/div><\/div><div class=\"vc_col-sm-1 wpb_column vc_column_container\"><div class=\"vc_column-inner\"><div class=\"wpb_wrapper\"><\/div><\/div><\/div><\/div><\/div><\/section><section class=\"l-section wpb_row us_custom_cf156605 movil-no height_auto width_full\"><div class=\"l-section-h i-cf\"><div class=\"g-cols vc_row via_flex valign_middle type_default stacking_default\"><div class=\"vc_col-sm-6 wpb_column vc_column_container\"><div class=\"vc_column-inner\"><div class=\"wpb_wrapper\"><div class=\"w-image align_center\"><div class=\"w-image-h\"><img decoding=\"async\" width=\"1500\" height=\"1667\" src=\"https:\/\/www.grupoidex.es\/wp-content\/uploads\/2022\/03\/audiovisual3.jpg\" class=\"attachment-full size-full\" alt=\"\" loading=\"lazy\" srcset=\"https:\/\/www.grupoidex.es\/wp-content\/uploads\/2022\/03\/audiovisual3.jpg 1500w, https:\/\/www.grupoidex.es\/wp-content\/uploads\/2022\/03\/audiovisual3-270x300.jpg 270w, https:\/\/www.grupoidex.es\/wp-content\/uploads\/2022\/03\/audiovisual3-921x1024.jpg 921w, https:\/\/www.grupoidex.es\/wp-content\/uploads\/2022\/03\/audiovisual3-768x854.jpg 768w\" sizes=\"auto, (max-width: 1500px) 100vw, 1500px\" \/><\/div><\/div><\/div><\/div><\/div><div class=\"vc_col-sm-5 wpb_column vc_column_container\"><div class=\"vc_column-inner\"><div class=\"wpb_wrapper\"><div class=\"wpb_text_column us_custom_7305c847\"><div class=\"wpb_wrapper\"><ul class=\"lista-circulos-azules\">\n<li><strong>Fiction Short Films<\/strong><\/li>\n<li><strong>Documentaries<\/strong><\/li>\n<li><strong>Videoclips<\/strong><\/li>\n<li><strong>Spots<\/strong><\/li>\n<li><strong>Podcasts<\/strong><\/li>\n<li><strong>New Formats<\/strong><\/li>\n<\/ul>\n<\/div><\/div><\/div><\/div><\/div><div class=\"vc_col-sm-1 wpb_column vc_column_container\"><div class=\"vc_column-inner\"><div class=\"wpb_wrapper\"><\/div><\/div><\/div><div class=\"vc_col-sm-12 wpb_column vc_column_container\"><div class=\"vc_column-inner\"><div class=\"wpb_wrapper\"><div class=\"w-separator size_small\"><\/div><\/div><\/div><\/div><\/div><\/div><\/section><section class=\"l-section wpb_row us_custom_bf270b8f movil-si height_medium\"><div class=\"l-section-h i-cf\"><div class=\"g-cols vc_row via_flex valign_top type_default stacking_default\"><div class=\"vc_col-sm-12 wpb_column vc_column_container\"><div class=\"vc_column-inner\"><div class=\"wpb_wrapper\"><div class=\"g-cols wpb_row us_custom_673f184b centrado via_flex valign_top type_default stacking_default\"><div class=\"vc_col-sm-12 wpb_column vc_column_container\"><div class=\"vc_column-inner\"><div class=\"wpb_wrapper\"><div class=\"w-image us_custom_6e74c4b0 centrado fondo-fijo align_center\"><div class=\"w-image-h\"><img decoding=\"async\" width=\"960\" height=\"1254\" src=\"https:\/\/www.grupoidex.es\/wp-content\/uploads\/2022\/03\/abc2fondo-fijo.png\" class=\"attachment-full size-full\" alt=\"\" loading=\"lazy\" srcset=\"https:\/\/www.grupoidex.es\/wp-content\/uploads\/2022\/03\/abc2fondo-fijo.png 960w, https:\/\/www.grupoidex.es\/wp-content\/uploads\/2022\/03\/abc2fondo-fijo-230x300.png 230w, https:\/\/www.grupoidex.es\/wp-content\/uploads\/2022\/03\/abc2fondo-fijo-784x1024.png 784w, https:\/\/www.grupoidex.es\/wp-content\/uploads\/2022\/03\/abc2fondo-fijo-768x1003.png 768w\" sizes=\"auto, (max-width: 960px) 100vw, 960px\" \/><\/div><\/div><div class=\"w-image us_custom_d1a53869 align_none\" id=\"abc2bola1\"><div class=\"w-image-h\"><img decoding=\"async\" width=\"600\" height=\"605\" src=\"https:\/\/www.grupoidex.es\/wp-content\/uploads\/2022\/03\/labola.png\" class=\"attachment-full size-full\" alt=\"\" loading=\"lazy\" srcset=\"https:\/\/www.grupoidex.es\/wp-content\/uploads\/2022\/03\/labola.png 600w, https:\/\/www.grupoidex.es\/wp-content\/uploads\/2022\/03\/labola-298x300.png 298w, https:\/\/www.grupoidex.es\/wp-content\/uploads\/2022\/03\/labola-150x150.png 150w\" sizes=\"auto, (max-width: 600px) 100vw, 600px\" \/><\/div><\/div><div class=\"w-image us_custom_b57ab12a align_none\" id=\"abc2bola2\"><div class=\"w-image-h\"><img decoding=\"async\" width=\"600\" height=\"605\" src=\"https:\/\/www.grupoidex.es\/wp-content\/uploads\/2022\/03\/labola.png\" class=\"attachment-full size-full\" alt=\"\" loading=\"lazy\" srcset=\"https:\/\/www.grupoidex.es\/wp-content\/uploads\/2022\/03\/labola.png 600w, https:\/\/www.grupoidex.es\/wp-content\/uploads\/2022\/03\/labola-298x300.png 298w, https:\/\/www.grupoidex.es\/wp-content\/uploads\/2022\/03\/labola-150x150.png 150w\" sizes=\"auto, (max-width: 600px) 100vw, 600px\" \/><\/div><\/div><div class=\"w-image us_custom_d0b71bea align_none\" id=\"abc2bola3\"><div class=\"w-image-h\"><img decoding=\"async\" width=\"600\" height=\"605\" src=\"https:\/\/www.grupoidex.es\/wp-content\/uploads\/2022\/03\/labola.png\" class=\"attachment-full size-full\" alt=\"\" loading=\"lazy\" srcset=\"https:\/\/www.grupoidex.es\/wp-content\/uploads\/2022\/03\/labola.png 600w, https:\/\/www.grupoidex.es\/wp-content\/uploads\/2022\/03\/labola-298x300.png 298w, https:\/\/www.grupoidex.es\/wp-content\/uploads\/2022\/03\/labola-150x150.png 150w\" sizes=\"auto, (max-width: 600px) 100vw, 600px\" \/><\/div><\/div><\/div><\/div><\/div><\/div><div class=\"w-separator size_medium\"><\/div><div class=\"wpb_text_column us_custom_f693ffa6\"><div class=\"wpb_wrapper\"><p><strong>Brands should not ignore it. Because the key to their communication strategy can go through the development of audiovisual proposals that respond to it, providing their different audiences with formats that they really want to see. A real contribution of value in terms of entertainment, adherence to trends, didactics and, in short, content.<\/strong><\/p>\n<p><strong>At Grupoidex we are inspired by the essence of each brand to create, develop and produce unique branded content proposals. Pieces that your audiences want and choose to see.<\/strong><\/p>\n<\/div><\/div><div class=\"w-separator size_medium\"><\/div><div class=\"w-image us_custom_0df0a1dc movil-no align_center\"><div class=\"w-image-h\"><img decoding=\"async\" width=\"1500\" height=\"1667\" src=\"https:\/\/www.grupoidex.es\/wp-content\/uploads\/2022\/03\/audiovisual3.jpg\" class=\"attachment-full size-full\" alt=\"\" loading=\"lazy\" srcset=\"https:\/\/www.grupoidex.es\/wp-content\/uploads\/2022\/03\/audiovisual3.jpg 1500w, https:\/\/www.grupoidex.es\/wp-content\/uploads\/2022\/03\/audiovisual3-270x300.jpg 270w, https:\/\/www.grupoidex.es\/wp-content\/uploads\/2022\/03\/audiovisual3-921x1024.jpg 921w, https:\/\/www.grupoidex.es\/wp-content\/uploads\/2022\/03\/audiovisual3-768x854.jpg 768w\" sizes=\"auto, (max-width: 1500px) 100vw, 1500px\" \/><\/div><\/div><div class=\"w-separator movil-no size_medium\"><\/div><div class=\"wpb_text_column us_custom_7305c847\"><div class=\"wpb_wrapper\"><ul class=\"lista-circulos-azules\">\n<li><strong>Fiction Short Films<\/strong><\/li>\n<li><strong>Documentaries<\/strong><\/li>\n<li><strong>Videoclips<\/strong><\/li>\n<li><strong>Spots<\/strong><\/li>\n<li><strong>Podcasts<\/strong><\/li>\n<li><strong>New Formats<\/strong><\/li>\n<\/ul>\n<\/div><\/div><div class=\"w-separator size_medium\"><\/div><\/div><\/div><\/div><\/div><\/div><\/section>\n","protected":false},"excerpt":{"rendered":"What do I want to see today? In a world where the supply and variety of audiovisual content has multiplied, this is a question that hundreds of millions of people face every day. Brands should not ignore it. Because the key to their communication strategy can go through the development of audiovisual proposals that respond...","protected":false},"author":2,"featured_media":0,"parent":0,"menu_order":0,"comment_status":"closed","ping_status":"closed","template":"","meta":{"_acf_changed":false,"footnotes":""},"class_list":["post-27344","page","type-page","status-publish","hentry"],"acf":[],"yoast_head":"<!-- This site is optimized with the Yoast SEO plugin v27.3 - https:\/\/yoast.com\/product\/yoast-seo-wordpress\/ -->\n<title>Producci\u00f3n audiovisual y postproducci\u00f3n de v\u00eddeo para empresas<\/title>\n<meta name=\"description\" content=\"Series. Pel\u00edculas. Fotograf\u00edas. Vivimos en un mundo donde imperan las im\u00e1genes, donde la producci\u00f3n y postproducci\u00f3n audiovisual son imprescindibles.\" \/>\n<meta name=\"robots\" content=\"index, follow, max-snippet:-1, max-image-preview:large, max-video-preview:-1\" \/>\n<link rel=\"canonical\" href=\"https:\/\/www.gi.desarrolloidex.es\/en\/audiovisual-and-branded-content\/\" \/>\n<meta property=\"og:locale\" content=\"en_US\" \/>\n<meta property=\"og:type\" content=\"article\" \/>\n<meta property=\"og:title\" content=\"Producci\u00f3n audiovisual y postproducci\u00f3n de v\u00eddeo para empresas\" \/>\n<meta property=\"og:description\" content=\"Series. Pel\u00edculas. Fotograf\u00edas. Vivimos en un mundo donde imperan las im\u00e1genes, donde la producci\u00f3n y postproducci\u00f3n audiovisual son imprescindibles.\" \/>\n<meta property=\"og:url\" content=\"https:\/\/www.gi.desarrolloidex.es\/en\/audiovisual-and-branded-content\/\" \/>\n<meta property=\"og:site_name\" content=\"Grupoidex\" \/>\n<meta property=\"article:publisher\" content=\"https:\/\/www.facebook.com\/grupoidex\" \/>\n<meta property=\"article:modified_time\" content=\"2022-07-04T11:37:57+00:00\" \/>\n<meta name=\"twitter:card\" content=\"summary_large_image\" \/>\n<meta name=\"twitter:site\" content=\"@grupoidex\" \/>\n<meta name=\"twitter:label1\" content=\"Est. reading time\" \/>\n\t<meta name=\"twitter:data1\" content=\"2 minutes\" \/>\n<script type=\"application\/ld+json\" class=\"yoast-schema-graph\">{\"@context\":\"https:\\\/\\\/schema.org\",\"@graph\":[{\"@type\":\"WebPage\",\"@id\":\"https:\\\/\\\/www.gi.desarrolloidex.es\\\/en\\\/audiovisual-and-branded-content\\\/\",\"url\":\"https:\\\/\\\/www.gi.desarrolloidex.es\\\/en\\\/audiovisual-and-branded-content\\\/\",\"name\":\"Producci\u00f3n audiovisual y postproducci\u00f3n de v\u00eddeo para empresas\",\"isPartOf\":{\"@id\":\"https:\\\/\\\/www.grupoidex.es\\\/#website\"},\"datePublished\":\"2022-03-15T12:07:14+00:00\",\"dateModified\":\"2022-07-04T11:37:57+00:00\",\"description\":\"Series. Pel\u00edculas. Fotograf\u00edas. Vivimos en un mundo donde imperan las im\u00e1genes, donde la producci\u00f3n y postproducci\u00f3n audiovisual son imprescindibles.\",\"breadcrumb\":{\"@id\":\"https:\\\/\\\/www.gi.desarrolloidex.es\\\/en\\\/audiovisual-and-branded-content\\\/#breadcrumb\"},\"inLanguage\":\"en-US\",\"potentialAction\":[{\"@type\":\"ReadAction\",\"target\":[\"https:\\\/\\\/www.gi.desarrolloidex.es\\\/en\\\/audiovisual-and-branded-content\\\/\"]}]},{\"@type\":\"BreadcrumbList\",\"@id\":\"https:\\\/\\\/www.gi.desarrolloidex.es\\\/en\\\/audiovisual-and-branded-content\\\/#breadcrumb\",\"itemListElement\":[{\"@type\":\"ListItem\",\"position\":1,\"name\":\"Portada\",\"item\":\"https:\\\/\\\/www.grupoidex.es\\\/en\\\/\"},{\"@type\":\"ListItem\",\"position\":2,\"name\":\"Audiovisual &#038; Branded Content\"}]},{\"@type\":\"WebSite\",\"@id\":\"https:\\\/\\\/www.grupoidex.es\\\/#website\",\"url\":\"https:\\\/\\\/www.grupoidex.es\\\/\",\"name\":\"Grupoidex\",\"description\":\"Consultor\u00eda de comunicaci\u00f3n global con m\u00e1s de 20 a\u00f1os de actividad y trayectoria en el \u00e1mbito nacional e internacional.\",\"publisher\":{\"@id\":\"https:\\\/\\\/www.grupoidex.es\\\/#organization\"},\"potentialAction\":[{\"@type\":\"SearchAction\",\"target\":{\"@type\":\"EntryPoint\",\"urlTemplate\":\"https:\\\/\\\/www.grupoidex.es\\\/?s={search_term_string}\"},\"query-input\":{\"@type\":\"PropertyValueSpecification\",\"valueRequired\":true,\"valueName\":\"search_term_string\"}}],\"inLanguage\":\"en-US\"},{\"@type\":\"Organization\",\"@id\":\"https:\\\/\\\/www.grupoidex.es\\\/#organization\",\"name\":\"Grupoidex\",\"url\":\"https:\\\/\\\/www.grupoidex.es\\\/\",\"logo\":{\"@type\":\"ImageObject\",\"inLanguage\":\"en-US\",\"@id\":\"https:\\\/\\\/www.grupoidex.es\\\/#\\\/schema\\\/logo\\\/image\\\/\",\"url\":\"https:\\\/\\\/www.grupoidex.es\\\/wp-content\\\/uploads\\\/2018\\\/06\\\/favicon.png\",\"contentUrl\":\"https:\\\/\\\/www.grupoidex.es\\\/wp-content\\\/uploads\\\/2018\\\/06\\\/favicon.png\",\"width\":276,\"height\":276,\"caption\":\"Grupoidex\"},\"image\":{\"@id\":\"https:\\\/\\\/www.grupoidex.es\\\/#\\\/schema\\\/logo\\\/image\\\/\"},\"sameAs\":[\"https:\\\/\\\/www.facebook.com\\\/grupoidex\",\"https:\\\/\\\/x.com\\\/grupoidex\",\"https:\\\/\\\/www.instagram.com\\\/grupoidex\\\/\",\"https:\\\/\\\/www.linkedin.com\\\/company\\\/grupoidex\"]}]}<\/script>\n<!-- \/ Yoast SEO plugin. -->","yoast_head_json":{"title":"Producci\u00f3n audiovisual y postproducci\u00f3n de v\u00eddeo para empresas","description":"Series. Pel\u00edculas. Fotograf\u00edas. Vivimos en un mundo donde imperan las im\u00e1genes, donde la producci\u00f3n y postproducci\u00f3n audiovisual son imprescindibles.","robots":{"index":"index","follow":"follow","max-snippet":"max-snippet:-1","max-image-preview":"max-image-preview:large","max-video-preview":"max-video-preview:-1"},"canonical":"https:\/\/www.gi.desarrolloidex.es\/en\/audiovisual-and-branded-content\/","og_locale":"en_US","og_type":"article","og_title":"Producci\u00f3n audiovisual y postproducci\u00f3n de v\u00eddeo para empresas","og_description":"Series. Pel\u00edculas. Fotograf\u00edas. Vivimos en un mundo donde imperan las im\u00e1genes, donde la producci\u00f3n y postproducci\u00f3n audiovisual son imprescindibles.","og_url":"https:\/\/www.gi.desarrolloidex.es\/en\/audiovisual-and-branded-content\/","og_site_name":"Grupoidex","article_publisher":"https:\/\/www.facebook.com\/grupoidex","article_modified_time":"2022-07-04T11:37:57+00:00","twitter_card":"summary_large_image","twitter_site":"@grupoidex","twitter_misc":{"Est. reading time":"2 minutes"},"schema":{"@context":"https:\/\/schema.org","@graph":[{"@type":"WebPage","@id":"https:\/\/www.gi.desarrolloidex.es\/en\/audiovisual-and-branded-content\/","url":"https:\/\/www.gi.desarrolloidex.es\/en\/audiovisual-and-branded-content\/","name":"Producci\u00f3n audiovisual y postproducci\u00f3n de v\u00eddeo para empresas","isPartOf":{"@id":"https:\/\/www.grupoidex.es\/#website"},"datePublished":"2022-03-15T12:07:14+00:00","dateModified":"2022-07-04T11:37:57+00:00","description":"Series. Pel\u00edculas. Fotograf\u00edas. Vivimos en un mundo donde imperan las im\u00e1genes, donde la producci\u00f3n y postproducci\u00f3n audiovisual son imprescindibles.","breadcrumb":{"@id":"https:\/\/www.gi.desarrolloidex.es\/en\/audiovisual-and-branded-content\/#breadcrumb"},"inLanguage":"en-US","potentialAction":[{"@type":"ReadAction","target":["https:\/\/www.gi.desarrolloidex.es\/en\/audiovisual-and-branded-content\/"]}]},{"@type":"BreadcrumbList","@id":"https:\/\/www.gi.desarrolloidex.es\/en\/audiovisual-and-branded-content\/#breadcrumb","itemListElement":[{"@type":"ListItem","position":1,"name":"Portada","item":"https:\/\/www.grupoidex.es\/en\/"},{"@type":"ListItem","position":2,"name":"Audiovisual &#038; Branded Content"}]},{"@type":"WebSite","@id":"https:\/\/www.grupoidex.es\/#website","url":"https:\/\/www.grupoidex.es\/","name":"Grupoidex","description":"Consultor\u00eda de comunicaci\u00f3n global con m\u00e1s de 20 a\u00f1os de actividad y trayectoria en el \u00e1mbito nacional e internacional.","publisher":{"@id":"https:\/\/www.grupoidex.es\/#organization"},"potentialAction":[{"@type":"SearchAction","target":{"@type":"EntryPoint","urlTemplate":"https:\/\/www.grupoidex.es\/?s={search_term_string}"},"query-input":{"@type":"PropertyValueSpecification","valueRequired":true,"valueName":"search_term_string"}}],"inLanguage":"en-US"},{"@type":"Organization","@id":"https:\/\/www.grupoidex.es\/#organization","name":"Grupoidex","url":"https:\/\/www.grupoidex.es\/","logo":{"@type":"ImageObject","inLanguage":"en-US","@id":"https:\/\/www.grupoidex.es\/#\/schema\/logo\/image\/","url":"https:\/\/www.grupoidex.es\/wp-content\/uploads\/2018\/06\/favicon.png","contentUrl":"https:\/\/www.grupoidex.es\/wp-content\/uploads\/2018\/06\/favicon.png","width":276,"height":276,"caption":"Grupoidex"},"image":{"@id":"https:\/\/www.grupoidex.es\/#\/schema\/logo\/image\/"},"sameAs":["https:\/\/www.facebook.com\/grupoidex","https:\/\/x.com\/grupoidex","https:\/\/www.instagram.com\/grupoidex\/","https:\/\/www.linkedin.com\/company\/grupoidex"]}]}},"_links":{"self":[{"href":"https:\/\/www.grupoidex.es\/en\/wp-json\/wp\/v2\/pages\/27344","targetHints":{"allow":["GET"]}}],"collection":[{"href":"https:\/\/www.grupoidex.es\/en\/wp-json\/wp\/v2\/pages"}],"about":[{"href":"https:\/\/www.grupoidex.es\/en\/wp-json\/wp\/v2\/types\/page"}],"author":[{"embeddable":true,"href":"https:\/\/www.grupoidex.es\/en\/wp-json\/wp\/v2\/users\/2"}],"replies":[{"embeddable":true,"href":"https:\/\/www.grupoidex.es\/en\/wp-json\/wp\/v2\/comments?post=27344"}],"version-history":[{"count":4,"href":"https:\/\/www.grupoidex.es\/en\/wp-json\/wp\/v2\/pages\/27344\/revisions"}],"predecessor-version":[{"id":27599,"href":"https:\/\/www.grupoidex.es\/en\/wp-json\/wp\/v2\/pages\/27344\/revisions\/27599"}],"wp:attachment":[{"href":"https:\/\/www.grupoidex.es\/en\/wp-json\/wp\/v2\/media?parent=27344"}],"curies":[{"name":"wp","href":"https:\/\/api.w.org\/{rel}","templated":true}]}}