

{"id":27326,"date":"2018-06-25T20:51:59","date_gmt":"2018-06-25T18:51:59","guid":{"rendered":"https:\/\/www.gi.desarrolloidex.es\/politica-de-cookies\/"},"modified":"2022-10-17T10:58:29","modified_gmt":"2022-10-17T08:58:29","slug":"cookies-policy","status":"publish","type":"page","link":"https:\/\/www.grupoidex.es\/en\/cookies-policy\/","title":{"rendered":"Cookies Policy"},"content":{"rendered":"<section class=\"l-section wpb_row height_auto width_full type_sticky\" id=\"social\"><div class=\"l-section-h i-cf\"><div class=\"g-cols vc_row via_flex valign_top type_default stacking_default\"><div class=\"vc_col-sm-12 wpb_column vc_column_container\"><div class=\"vc_column-inner\"><div class=\"wpb_wrapper\"><div class=\"w-iconbox iconpos_top style_default color_custom align_center no_text no_title\"><a target=\" _blank\" rel=\"nofollow\" href=\"https:\/\/www.linkedin.com\/company\/grupoidex\" class=\"w-iconbox-link\" aria-label=\"fab|linkedin-in\"><div class=\"w-iconbox-icon\" style=\"font-size:20px;--icon-color:#000000;\"><i class=\"fab fa-linkedin-in\"><\/i><\/div><\/a><div class=\"w-iconbox-meta\"><\/div><\/div><div class=\"w-iconbox iconpos_top style_default color_custom align_center no_text no_title\"><a target=\" _blank\" rel=\"nofollow\" href=\"https:\/\/www.facebook.com\/grupoidex\" class=\"w-iconbox-link\" aria-label=\"fab|facebook-f\"><div class=\"w-iconbox-icon\" style=\"font-size:20px;--icon-color:#000000;\"><i class=\"fab fa-facebook-f\"><\/i><\/div><\/a><div class=\"w-iconbox-meta\"><\/div><\/div><div class=\"w-iconbox iconpos_top style_default color_custom align_center no_text no_title\"><a target=\" _blank\" rel=\"nofollow\" href=\"https:\/\/twitter.com\/grupoidex\" class=\"w-iconbox-link\" aria-label=\"fab|twitter\"><div class=\"w-iconbox-icon\" style=\"font-size:20px;--icon-color:#000000;\"><i class=\"fab fa-x-twitter\"><svg style=\"width:1em; margin-bottom:-.1em;\" xmlns=\"http:\/\/www.w3.org\/2000\/svg\" viewBox=\"0 0 512 512\" role=\"presentation\"><path fill=\"currentColor\" d=\"M389.2 48h70.6L305.6 224.2 487 464H345L233.7 318.6 106.5 464H35.8L200.7 275.5 26.8 48H172.4L272.9 180.9 389.2 48zM364.4 421.8h39.1L151.1 88h-42L364.4 421.8z\"\/><\/svg><\/i><\/div><\/a><div class=\"w-iconbox-meta\"><\/div><\/div><div class=\"w-iconbox iconpos_top style_default color_custom align_center no_text no_title\"><a target=\" _blank\" rel=\"nofollow\" href=\"https:\/\/www.instagram.com\/grupoidex\/\" class=\"w-iconbox-link\" aria-label=\"fab|instagram\"><div class=\"w-iconbox-icon\" style=\"font-size:20px;--icon-color:#000000;\"><i class=\"fab fa-instagram\"><\/i><\/div><\/a><div class=\"w-iconbox-meta\"><\/div><\/div><div class=\"w-iconbox iconpos_top style_default color_custom align_center no_text no_title\"><a target=\" _blank\" rel=\"nofollow\" href=\"https:\/\/vimeo.com\/grupoidex\" class=\"w-iconbox-link\" aria-label=\"fab|vimeo-v\"><div class=\"w-iconbox-icon\" style=\"font-size:20px;--icon-color:#000000;\"><i class=\"fab fa-vimeo-v\"><\/i><\/div><\/a><div class=\"w-iconbox-meta\"><\/div><\/div><div class=\"w-iconbox iconpos_top style_default color_custom align_center no_text no_title\"><a target=\" _blank\" rel=\"nofollow\" href=\"https:\/\/www.google.es\/maps\/place\/Grupoidex,+Consultor\u00eda+de+Comunicaci\u00f3n+Integral\/@38.2906677,-0.6227016,18z\/data=!4m12!1m6!3m5!1s0xd62364265d7dad3:0x553d6fdbf5f82541!2sGrupoidex+Consultor\u00eda+de+Comunicaci\u00f3n!8m2!3d38.2906434!4d-0.6219378!3m4!1s0x0:0x8c231604013dfd52!8m2!3d38.2906366!4d-0.6219369\" class=\"w-iconbox-link\" aria-label=\"fas|fa-map-marked-alt\"><div class=\"w-iconbox-icon\" style=\"font-size:20px;--icon-color:#000000;\"><i class=\"fas fa-map-marked-alt\"><\/i><\/div><\/a><div class=\"w-iconbox-meta\"><\/div><\/div><\/div><\/div><\/div><\/div><\/div><\/section><section class=\"l-section wpb_row height_medium\"><div class=\"l-section-h i-cf\"><div class=\"g-cols vc_row via_flex valign_top type_default stacking_default\"><div class=\"vc_col-sm-12 wpb_column vc_column_container\"><div class=\"vc_column-inner\"><div class=\"wpb_wrapper\"><div class=\"wpb_text_column\"><div class=\"wpb_wrapper\"><h1 style=\"text-align: center;\">Pol\u00edtica de Cookies<\/h1>\n<\/div><\/div><div class=\"w-separator size_custom\" style=\"height:32px\"><\/div><div class=\"wpb_text_column\"><div class=\"wpb_wrapper\"><p>The purpose of this document is to establish the policy for the use of cookies on the websites of IDEX IDEAS Y EXPANSI\u00d3N S.L, with registered office at Calle Antonio Jose Cavanilles, 9 Elche Parque Empresarial 03203-Elche (Alicante), and tax identification number B53093837. The terms &#8220;You&#8221; and &#8220;User&#8221; are used here to refer to all individuals and\/or entities that for any reason access the websites of IDEX IDEAS Y EXPANSI\u00d3N S.L, or use the services. The use of these services implies full and unreserved acceptance of this policy on the use of cookies.<\/p>\n<p>IDEX IDEAS Y EXPANSI\u00d3N S.L, may collect information through files such as cookies or log files on the browsing of users on its Websites. These devices are associated exclusively with a single user and their own access device. Cookies are files sent by the website and stored in the user&#8217;s browser by means of a web server for the maintenance of the browsing session, storing their IP address (of their computer) and other possible browsing data. IDEX IDEAS Y EXPANSI\u00d3N S.L, also uses &#8220;beacons&#8221;, scripts, tags, local storage beacons, which allow the website to count the number of visitors and users who have entered a particular website and to access certain cookies. Thanks to cookies, it is possible for the IDEX IDEAS Y EXPANSI\u00d3N S.L. server to recognise the browser of the computer used by the user in order to make browsing easier, as well as to measure the audience and traffic parameters, control the progress and number of entries, using the information contained in the cookies separately from any other personal data that the user may have.<\/p>\n<p>IDEX IDEAS Y EXPANSI\u00d3N S.L. uses cookies to personalise the user&#8217;s browsing of its Websites, user input cookies and session cookies to balance the load, which are excluded from the scope of application of article 22.2 of the LSSI.<\/p>\n<p>IDEX IDEAS Y EXPANSI\u00d3N S.L, uses web analytics cookies to measure and analyse user browsing on the Websites. Analytical cookies are those that allow the party responsible for them to monitor and analyse the behaviour of the users of the websites to which they are linked. IDEX IDEAS Y EXPANSI\u00d3N S.L, uses the data obtained in order to introduce improvements based on the analysis of the data on the use made by users. Web analytics does not allow information to be obtained on the name, surname or e-mail or postal address of the user. The information obtained relates to the number of users accessing the website, the number of pages viewed, the frequency and repetition of visits, their duration, the browser used, the operator providing the service, the language, the terminal used or the city to which the IP address is assigned.<\/p>\n<p>IDEX IDEAS Y EXPANSI\u00d3N S.L, uses behavioural advertising cookies to manage advertising spaces based on specific criteria and plug-in cookies to exchange social content. Behavioural advertising cookies are those that allow the management of the advertising spaces that the website editor has included in the website in the most effective way possible. These cookies store information on user behaviour obtained through continuous observation of their browsing habits, which allows advertising to be displayed accordingly.<\/p>\n<p>In the following table you can consult the cookies used on the IDEX IDEAS Y EXPANSI\u00d3N S.L. websites, the information obtained by them and their purpose:<br \/>\nIf you wish to obtain more information about the cookies used in IDEX IDEAS Y EXPANSI\u00d3N S.L., you can write an email to protecciondedatos@desarrolloidex.es<\/p>\n<table cellspacing=\"5\">\n<tbody>\n<tr>\n<td>\n<h5><strong>TITULAR<\/strong><\/h5>\n<\/td>\n<td>\n<h5><strong>FINALIDAD<\/strong><\/h5>\n<\/td>\n<\/tr>\n<tr>\n<td><strong>Google Analytics<\/strong><br \/>\nhttps:\/\/developers.google.com\/analytics\/<\/td>\n<td>It is used to obtain statistical reports on web site traffic<\/td>\n<\/tr>\n<tr>\n<td><strong>Google Audiences<\/strong><br \/>\nhttps:\/\/policies.google.com\/privacy?hl=es<\/td>\n<td>Behavioral advertising. They are used to improve the relevance of the ads shown to users.<\/td>\n<\/tr>\n<tr>\n<td><strong>Google Tag Manager<\/strong><br \/>\nhttps:\/\/www.google.com\/analytics\/tag-manager\/use-policy\/<\/td>\n<td>Tool that facilitates the uploading and management of tags in web properties.<\/td>\n<\/tr>\n<tr>\n<td><strong>Remarketing con Google Analytics<\/strong><br \/>\nhttps:\/\/policies.google.com\/privacy?hl=es<\/td>\n<td>Behavioral advertising. They are used to improve the relevance of the ads shown to users.<\/td>\n<\/tr>\n<tr>\n<td><strong>Remarketing con Google Adwords<\/strong><br \/>\nhttps:\/\/policies.google.com\/privacy?hl=es<\/td>\n<td>Behavioral advertising. They are used to improve the relevance of the ads shown to users.<\/td>\n<\/tr>\n<tr>\n<td><strong>Facebook<\/strong><br \/>\nhttps:\/\/www.facebook.com\/privacy\/explanation<\/td>\n<td>Cookies for logging in to desarrolloidex.es via Facebook login<\/td>\n<\/tr>\n<tr>\n<td><strong>Facebook Pixel Code<\/strong><br \/>\nhttps:\/\/www.facebook.com\/privacy\/explanation<\/td>\n<td>Behavioral advertising. They are used to improve the relevance of the ads shown to users.<\/td>\n<\/tr>\n<tr>\n<td><strong>Twitter<\/strong><br \/>\nhttps:\/\/twitter.com\/es\/privacy<\/td>\n<td>Cookies for login to desarrolloidex.es via Twitter login<\/td>\n<\/tr>\n<tr>\n<td><strong>Twitter Advertising<\/strong><br \/>\nhttps:\/\/twitter.com\/es\/privacy<\/td>\n<td>Behavioral advertising. They are used to improve the relevance of the ads shown to users.<\/td>\n<\/tr>\n<tr>\n<td><strong>Linkedin<\/strong><br \/>\nhttps:\/\/www.linkedin.com\/legal\/cookie-policy?_l=es_ES<\/td>\n<td>Cookies for login to desarrolloidex.es via Linkedin login<\/td>\n<\/tr>\n<tr>\n<td><strong>Linkedin Pixel Code\u00a0<\/strong><br \/>\nhttps:\/\/www.linkedin.com\/legal\/cookie-policy?_l=es_ES<\/td>\n<td>Behavioral advertising. They are used to improve the relevance of the ads shown to users.<\/td>\n<\/tr>\n<tr>\n<td><strong>Google Plus<\/strong><br \/>\nhttps:\/\/twitter.com\/es\/privacy<\/td>\n<td>Cookies to log in to desarrolloidex.es via Google plus login<\/td>\n<\/tr>\n<tr>\n<td><strong>Vimeo<\/strong><br \/>\nhttps:\/\/vimeo.com\/cookie_policy<\/td>\n<td>Behavioral advertising. They are used to improve the relevance of the ads shown to users.<\/td>\n<\/tr>\n<tr>\n<td><strong>Youtube<\/strong><br \/>\nhttps:\/\/policies.google.com\/privacy?hl=es<\/td>\n<td>Login cookies in desarrolloidex.es via Youtube login<\/td>\n<\/tr>\n<tr>\n<td><strong>Youtube<\/strong><br \/>\nhttps:\/\/policies.google.com\/privacy?hl=es<\/td>\n<td>Behavioral advertising. They are used to improve the relevance of the ads shown to users.<\/td>\n<\/tr>\n<tr>\n<td><strong>Instagram<\/strong><br \/>\nhttps:\/\/help.instagram.com\/1896641480634370?ref=ig<\/td>\n<td>Login cookies on desarrolloidex.es via Instagram login.<\/td>\n<\/tr>\n<\/tbody>\n<\/table>\n<p>&nbsp;<\/p>\n<p>To revoke the consent granted, the user has the possibility of disabling cookies by modifying the configuration of their browser. In the links below, the user will find more information on which cookies are installed, how to allow their installation, block them or delete them from their computer. Depending on which browser you are using, the following links are available to the user:<\/p>\n<p><strong>Firefox<\/strong>: http:\/\/support.mozilla.org\/es\/kb\/cookies-informacion-que-los-sitios-web-guardan-en-<\/p>\n<p><strong>Chrome<\/strong>: http:\/\/support.google.com\/chrome\/bin\/answer.py?hl=es&amp;answer=95647<\/p>\n<p><strong>Safari<\/strong>: http:\/\/support.apple.com\/kb\/ph5042<\/p>\n<p><strong>Explorer<\/strong>: http:\/\/windows.microsoft.com\/es-es\/windows7\/how-to-manage-cookies-in-internet-explorer-9<\/p>\n<h3>THIRD PARTY SITES<\/h3>\n<p>As a general rule, your data will not be passed on to third parties, except in cases where we are legally obliged to do so, where the transfer of data is necessary for the establishment of the contractual relationship or where you have given us your explicit prior consent to the transfer of the data.<\/p>\n<p>In the event that our service providers have access to your personally identifiable information, we will ensure that this complies with data protection legislation with the same guarantees during the course of processing your order in accordance with Article 28 of the GDPR. We also recommend that you consult the data protection policy of the relevant supplier. The provider in question is responsible for the content of the third-party services, although we review their services to ensure that they comply with the legal provisions to the extent reasonable.<\/p>\n<h3>UPDATES AND CHANGES TO THE COOKIE POLICY:<\/h3>\n<p>The IDEX IDEAS Y EXPANSI\u00d3N S.L. Websites may modify this Cookies Policy according to legislative or regulatory requirements, or in order to adapt said policy to the instructions issued by the Spanish Data Protection Agency, for which reason Users are advised to visit it periodically.<\/p>\n<\/div><\/div><\/div><\/div><\/div><\/div><\/div><\/section>\n","protected":false},"excerpt":{"rendered":"Pol\u00edtica de Cookies The purpose of this document is to establish the policy for the use of cookies on the websites of IDEX IDEAS Y EXPANSI\u00d3N S.L, with registered office at Calle Antonio Jose Cavanilles, 9 Elche Parque Empresarial 03203-Elche (Alicante), and tax identification number B53093837. The terms &#8220;You&#8221; and &#8220;User&#8221; are used here to...","protected":false},"author":2,"featured_media":0,"parent":0,"menu_order":0,"comment_status":"closed","ping_status":"closed","template":"","meta":{"_acf_changed":false,"footnotes":""},"class_list":["post-27326","page","type-page","status-publish","hentry"],"acf":[],"yoast_head":"<!-- This site is optimized with the Yoast SEO plugin v27.4 - https:\/\/yoast.com\/product\/yoast-seo-wordpress\/ -->\n<title>Cookies Policy - Grupoidex<\/title>\n<meta name=\"robots\" content=\"index, follow, max-snippet:-1, max-image-preview:large, max-video-preview:-1\" \/>\n<link rel=\"canonical\" href=\"https:\/\/www.grupoidex.es\/en\/cookies-policy\/\" \/>\n<meta property=\"og:locale\" content=\"en_US\" \/>\n<meta property=\"og:type\" content=\"article\" \/>\n<meta property=\"og:title\" content=\"Cookies Policy - Grupoidex\" \/>\n<meta property=\"og:url\" content=\"https:\/\/www.grupoidex.es\/en\/cookies-policy\/\" \/>\n<meta property=\"og:site_name\" content=\"Grupoidex\" \/>\n<meta property=\"article:publisher\" content=\"https:\/\/www.facebook.com\/grupoidex\" \/>\n<meta property=\"article:modified_time\" content=\"2022-10-17T08:58:29+00:00\" \/>\n<meta name=\"twitter:card\" content=\"summary_large_image\" \/>\n<meta name=\"twitter:site\" content=\"@grupoidex\" \/>\n<meta name=\"twitter:label1\" content=\"Est. reading time\" \/>\n\t<meta name=\"twitter:data1\" content=\"6 minutes\" \/>\n<script type=\"application\/ld+json\" class=\"yoast-schema-graph\">{\"@context\":\"https:\\\/\\\/schema.org\",\"@graph\":[{\"@type\":\"WebPage\",\"@id\":\"https:\\\/\\\/www.grupoidex.es\\\/en\\\/cookies-policy\\\/\",\"url\":\"https:\\\/\\\/www.grupoidex.es\\\/en\\\/cookies-policy\\\/\",\"name\":\"Cookies Policy - Grupoidex\",\"isPartOf\":{\"@id\":\"https:\\\/\\\/www.grupoidex.es\\\/#website\"},\"datePublished\":\"2018-06-25T18:51:59+00:00\",\"dateModified\":\"2022-10-17T08:58:29+00:00\",\"breadcrumb\":{\"@id\":\"https:\\\/\\\/www.grupoidex.es\\\/en\\\/cookies-policy\\\/#breadcrumb\"},\"inLanguage\":\"en-US\",\"potentialAction\":[{\"@type\":\"ReadAction\",\"target\":[\"https:\\\/\\\/www.grupoidex.es\\\/en\\\/cookies-policy\\\/\"]}]},{\"@type\":\"BreadcrumbList\",\"@id\":\"https:\\\/\\\/www.grupoidex.es\\\/en\\\/cookies-policy\\\/#breadcrumb\",\"itemListElement\":[{\"@type\":\"ListItem\",\"position\":1,\"name\":\"Portada\",\"item\":\"https:\\\/\\\/www.grupoidex.es\\\/en\\\/\"},{\"@type\":\"ListItem\",\"position\":2,\"name\":\"Cookies Policy\"}]},{\"@type\":\"WebSite\",\"@id\":\"https:\\\/\\\/www.grupoidex.es\\\/#website\",\"url\":\"https:\\\/\\\/www.grupoidex.es\\\/\",\"name\":\"Grupoidex\",\"description\":\"Consultor\u00eda de comunicaci\u00f3n global con m\u00e1s de 20 a\u00f1os de actividad y trayectoria en el \u00e1mbito nacional e internacional.\",\"publisher\":{\"@id\":\"https:\\\/\\\/www.grupoidex.es\\\/#organization\"},\"potentialAction\":[{\"@type\":\"SearchAction\",\"target\":{\"@type\":\"EntryPoint\",\"urlTemplate\":\"https:\\\/\\\/www.grupoidex.es\\\/?s={search_term_string}\"},\"query-input\":{\"@type\":\"PropertyValueSpecification\",\"valueRequired\":true,\"valueName\":\"search_term_string\"}}],\"inLanguage\":\"en-US\"},{\"@type\":\"Organization\",\"@id\":\"https:\\\/\\\/www.grupoidex.es\\\/#organization\",\"name\":\"Grupoidex\",\"url\":\"https:\\\/\\\/www.grupoidex.es\\\/\",\"logo\":{\"@type\":\"ImageObject\",\"inLanguage\":\"en-US\",\"@id\":\"https:\\\/\\\/www.grupoidex.es\\\/#\\\/schema\\\/logo\\\/image\\\/\",\"url\":\"https:\\\/\\\/www.grupoidex.es\\\/wp-content\\\/uploads\\\/2018\\\/06\\\/favicon.png\",\"contentUrl\":\"https:\\\/\\\/www.grupoidex.es\\\/wp-content\\\/uploads\\\/2018\\\/06\\\/favicon.png\",\"width\":276,\"height\":276,\"caption\":\"Grupoidex\"},\"image\":{\"@id\":\"https:\\\/\\\/www.grupoidex.es\\\/#\\\/schema\\\/logo\\\/image\\\/\"},\"sameAs\":[\"https:\\\/\\\/www.facebook.com\\\/grupoidex\",\"https:\\\/\\\/x.com\\\/grupoidex\",\"https:\\\/\\\/www.instagram.com\\\/grupoidex\\\/\",\"https:\\\/\\\/www.linkedin.com\\\/company\\\/grupoidex\"]}]}<\/script>\n<!-- \/ Yoast SEO plugin. -->","yoast_head_json":{"title":"Cookies Policy - Grupoidex","robots":{"index":"index","follow":"follow","max-snippet":"max-snippet:-1","max-image-preview":"max-image-preview:large","max-video-preview":"max-video-preview:-1"},"canonical":"https:\/\/www.grupoidex.es\/en\/cookies-policy\/","og_locale":"en_US","og_type":"article","og_title":"Cookies Policy - Grupoidex","og_url":"https:\/\/www.grupoidex.es\/en\/cookies-policy\/","og_site_name":"Grupoidex","article_publisher":"https:\/\/www.facebook.com\/grupoidex","article_modified_time":"2022-10-17T08:58:29+00:00","twitter_card":"summary_large_image","twitter_site":"@grupoidex","twitter_misc":{"Est. reading time":"6 minutes"},"schema":{"@context":"https:\/\/schema.org","@graph":[{"@type":"WebPage","@id":"https:\/\/www.grupoidex.es\/en\/cookies-policy\/","url":"https:\/\/www.grupoidex.es\/en\/cookies-policy\/","name":"Cookies Policy - Grupoidex","isPartOf":{"@id":"https:\/\/www.grupoidex.es\/#website"},"datePublished":"2018-06-25T18:51:59+00:00","dateModified":"2022-10-17T08:58:29+00:00","breadcrumb":{"@id":"https:\/\/www.grupoidex.es\/en\/cookies-policy\/#breadcrumb"},"inLanguage":"en-US","potentialAction":[{"@type":"ReadAction","target":["https:\/\/www.grupoidex.es\/en\/cookies-policy\/"]}]},{"@type":"BreadcrumbList","@id":"https:\/\/www.grupoidex.es\/en\/cookies-policy\/#breadcrumb","itemListElement":[{"@type":"ListItem","position":1,"name":"Portada","item":"https:\/\/www.grupoidex.es\/en\/"},{"@type":"ListItem","position":2,"name":"Cookies Policy"}]},{"@type":"WebSite","@id":"https:\/\/www.grupoidex.es\/#website","url":"https:\/\/www.grupoidex.es\/","name":"Grupoidex","description":"Consultor\u00eda de comunicaci\u00f3n global con m\u00e1s de 20 a\u00f1os de actividad y trayectoria en el \u00e1mbito nacional e internacional.","publisher":{"@id":"https:\/\/www.grupoidex.es\/#organization"},"potentialAction":[{"@type":"SearchAction","target":{"@type":"EntryPoint","urlTemplate":"https:\/\/www.grupoidex.es\/?s={search_term_string}"},"query-input":{"@type":"PropertyValueSpecification","valueRequired":true,"valueName":"search_term_string"}}],"inLanguage":"en-US"},{"@type":"Organization","@id":"https:\/\/www.grupoidex.es\/#organization","name":"Grupoidex","url":"https:\/\/www.grupoidex.es\/","logo":{"@type":"ImageObject","inLanguage":"en-US","@id":"https:\/\/www.grupoidex.es\/#\/schema\/logo\/image\/","url":"https:\/\/www.grupoidex.es\/wp-content\/uploads\/2018\/06\/favicon.png","contentUrl":"https:\/\/www.grupoidex.es\/wp-content\/uploads\/2018\/06\/favicon.png","width":276,"height":276,"caption":"Grupoidex"},"image":{"@id":"https:\/\/www.grupoidex.es\/#\/schema\/logo\/image\/"},"sameAs":["https:\/\/www.facebook.com\/grupoidex","https:\/\/x.com\/grupoidex","https:\/\/www.instagram.com\/grupoidex\/","https:\/\/www.linkedin.com\/company\/grupoidex"]}]}},"_links":{"self":[{"href":"https:\/\/www.grupoidex.es\/en\/wp-json\/wp\/v2\/pages\/27326","targetHints":{"allow":["GET"]}}],"collection":[{"href":"https:\/\/www.grupoidex.es\/en\/wp-json\/wp\/v2\/pages"}],"about":[{"href":"https:\/\/www.grupoidex.es\/en\/wp-json\/wp\/v2\/types\/page"}],"author":[{"embeddable":true,"href":"https:\/\/www.grupoidex.es\/en\/wp-json\/wp\/v2\/users\/2"}],"replies":[{"embeddable":true,"href":"https:\/\/www.grupoidex.es\/en\/wp-json\/wp\/v2\/comments?post=27326"}],"version-history":[{"count":3,"href":"https:\/\/www.grupoidex.es\/en\/wp-json\/wp\/v2\/pages\/27326\/revisions"}],"predecessor-version":[{"id":27677,"href":"https:\/\/www.grupoidex.es\/en\/wp-json\/wp\/v2\/pages\/27326\/revisions\/27677"}],"wp:attachment":[{"href":"https:\/\/www.grupoidex.es\/en\/wp-json\/wp\/v2\/media?parent=27326"}],"curies":[{"name":"wp","href":"https:\/\/api.w.org\/{rel}","templated":true}]}}