

{"id":27307,"date":"2022-03-21T13:03:04","date_gmt":"2022-03-21T12:03:04","guid":{"rendered":"https:\/\/www.gi.desarrolloidex.es\/responsabilidad-social-inherente\/"},"modified":"2022-06-30T11:21:18","modified_gmt":"2022-06-30T09:21:18","slug":"inherent-social-responsibility","status":"publish","type":"page","link":"https:\/\/www.grupoidex.es\/en\/inherent-social-responsibility\/","title":{"rendered":"Inherent social responsibility"},"content":{"rendered":"<section class=\"l-section wpb_row AlfredaThin height_large\"><div class=\"l-section-h i-cf\"><div class=\"g-cols vc_row via_flex valign_top type_default stacking_default\"><div class=\"vc_col-sm-12 wpb_column vc_column_container\"><div class=\"vc_column-inner\"><div class=\"wpb_wrapper\"><div class=\"wpb_text_column us_custom_c70287df cabecera-oscura AlfredaHeavy has_text_color us_animate_this\"><div class=\"wpb_wrapper\"><h1 style=\"text-align: center;\">Inherent<br \/>\n<span class=\"azul\">Social<\/span> Responsibility<\/h1>\n<\/div><\/div><div class=\"w-separator size_small\"><\/div><\/div><\/div><\/div><\/div><\/div><\/section><section class=\"l-section wpb_row us_custom_edb423b1 height_small width_full\"><div class=\"l-section-h i-cf\"><div class=\"g-cols vc_row via_flex valign_top type_default stacking_default\"><div class=\"vc_col-sm-12 wpb_column vc_column_container\"><div class=\"vc_column-inner\"><div class=\"wpb_wrapper\"><div class=\"g-cols wpb_row us_custom_ac9825b4 centrado via_flex valign_top type_default stacking_default\"><div class=\"vc_col-sm-12 wpb_column vc_column_container\"><div class=\"vc_column-inner\"><div class=\"wpb_wrapper\"><div class=\"w-image centrado fondo-fijo align_center\"><div class=\"w-image-h\"><img decoding=\"async\" width=\"1920\" height=\"1085\" src=\"https:\/\/www.grupoidex.es\/wp-content\/uploads\/2022\/04\/RSI-fondo-fijo.png\" class=\"attachment-full size-full\" alt=\"\" loading=\"lazy\" srcset=\"https:\/\/www.grupoidex.es\/wp-content\/uploads\/2022\/04\/RSI-fondo-fijo.png 1920w, https:\/\/www.grupoidex.es\/wp-content\/uploads\/2022\/04\/RSI-fondo-fijo-300x170.png 300w, https:\/\/www.grupoidex.es\/wp-content\/uploads\/2022\/04\/RSI-fondo-fijo-1024x579.png 1024w, https:\/\/www.grupoidex.es\/wp-content\/uploads\/2022\/04\/RSI-fondo-fijo-768x434.png 768w\" sizes=\"auto, (max-width: 1920px) 100vw, 1920px\" \/><\/div><\/div><div class=\"w-image us_custom_d0b71bea align_none\" id=\"rsibola1\"><div class=\"w-image-h\"><img decoding=\"async\" width=\"600\" height=\"605\" src=\"https:\/\/www.grupoidex.es\/wp-content\/uploads\/2022\/03\/labola.png\" class=\"attachment-full size-full\" alt=\"\" loading=\"lazy\" srcset=\"https:\/\/www.grupoidex.es\/wp-content\/uploads\/2022\/03\/labola.png 600w, https:\/\/www.grupoidex.es\/wp-content\/uploads\/2022\/03\/labola-298x300.png 298w, https:\/\/www.grupoidex.es\/wp-content\/uploads\/2022\/03\/labola-150x150.png 150w\" sizes=\"auto, (max-width: 600px) 100vw, 600px\" \/><\/div><\/div><div class=\"w-image us_custom_d0b71bea align_none\" id=\"rsibola2\"><div class=\"w-image-h\"><img decoding=\"async\" width=\"600\" height=\"605\" src=\"https:\/\/www.grupoidex.es\/wp-content\/uploads\/2022\/03\/labola.png\" class=\"attachment-full size-full\" alt=\"\" loading=\"lazy\" srcset=\"https:\/\/www.grupoidex.es\/wp-content\/uploads\/2022\/03\/labola.png 600w, https:\/\/www.grupoidex.es\/wp-content\/uploads\/2022\/03\/labola-298x300.png 298w, https:\/\/www.grupoidex.es\/wp-content\/uploads\/2022\/03\/labola-150x150.png 150w\" sizes=\"auto, (max-width: 600px) 100vw, 600px\" \/><\/div><\/div><div class=\"w-image us_custom_b1f98d22 align_none\" id=\"rsibola3\"><div class=\"w-image-h\"><img decoding=\"async\" width=\"600\" height=\"605\" src=\"https:\/\/www.grupoidex.es\/wp-content\/uploads\/2022\/03\/labola.png\" class=\"attachment-full size-full\" alt=\"\" loading=\"lazy\" srcset=\"https:\/\/www.grupoidex.es\/wp-content\/uploads\/2022\/03\/labola.png 600w, https:\/\/www.grupoidex.es\/wp-content\/uploads\/2022\/03\/labola-298x300.png 298w, https:\/\/www.grupoidex.es\/wp-content\/uploads\/2022\/03\/labola-150x150.png 150w\" sizes=\"auto, (max-width: 600px) 100vw, 600px\" \/><\/div><\/div><div class=\"w-image us_custom_f36b8beb align_none\" id=\"rsibola4\"><div class=\"w-image-h\"><img decoding=\"async\" width=\"600\" height=\"605\" src=\"https:\/\/www.grupoidex.es\/wp-content\/uploads\/2022\/03\/labola.png\" class=\"attachment-full size-full\" alt=\"\" loading=\"lazy\" srcset=\"https:\/\/www.grupoidex.es\/wp-content\/uploads\/2022\/03\/labola.png 600w, https:\/\/www.grupoidex.es\/wp-content\/uploads\/2022\/03\/labola-298x300.png 298w, https:\/\/www.grupoidex.es\/wp-content\/uploads\/2022\/03\/labola-150x150.png 150w\" sizes=\"auto, (max-width: 600px) 100vw, 600px\" \/><\/div><\/div><\/div><\/div><\/div><\/div><\/div><\/div><\/div><\/div><\/div><\/section><section class=\"l-section wpb_row frases-hover height_large width_full\"><div class=\"l-section-h i-cf\"><div class=\"g-cols vc_row via_flex valign_top type_default stacking_default\"><div class=\"vc_col-sm-1 wpb_column vc_column_container\"><div class=\"vc_column-inner\"><div class=\"wpb_wrapper\"><\/div><\/div><\/div><div class=\"vc_col-sm-10 wpb_column vc_column_container\"><div class=\"vc_column-inner\"><div class=\"wpb_wrapper\"><div class=\"wpb_text_column us_custom_9304067a cambio-hover centrado oscuro\"><div class=\"wpb_wrapper\"><p style=\"text-align: center;\"><span class=\"hover fade-in\">It <\/span><span class=\"hover fade-in\">is <\/span><span class=\"hover fade-in\">very <\/span><span class=\"hover fade-in\">easy <\/span><span class=\"hover fade-in\">to <\/span><span class=\"hover fade-in\">say <\/span><span class=\"hover fade-in\">that <\/span><span class=\"hover fade-in\">you <\/span><span class=\"hover fade-in\">are <\/span><span class=\"hover fade-in\">a <\/span><span class=\"hover fade-in\">socially <\/span><span class=\"hover fade-in\">responsible <\/span><span class=\"hover fade-in\">company. <\/span><span class=\"hover fade-in\">But <\/span><span class=\"hover fade-in\">actually, <\/span><span class=\"hover fade-in\">being <\/span><span class=\"hover fade-in\">one <\/span><span class=\"hover fade-in\">takes <\/span><span class=\"hover fade-in\">a <\/span><span class=\"hover fade-in\">lot <\/span><span class=\"hover fade-in\">more <\/span><span class=\"hover fade-in\">work.<\/span><\/p>\n<\/div><\/div><\/div><\/div><\/div><div class=\"vc_col-sm-1 wpb_column vc_column_container\"><div class=\"vc_column-inner\"><div class=\"wpb_wrapper\"><\/div><\/div><\/div><\/div><\/div><\/section><section class=\"l-section wpb_row movil-no height_auto width_full\"><div class=\"l-section-h i-cf\"><div class=\"g-cols vc_row via_flex valign_top type_default stacking_default\"><div class=\"vc_col-sm-12 wpb_column vc_column_container\"><div class=\"vc_column-inner\"><div class=\"wpb_wrapper\"><div class=\"g-cols wpb_row us_custom_ac9825b4 centrado via_flex valign_top type_default stacking_default\"><div class=\"vc_col-sm-12 wpb_column vc_column_container\"><div class=\"vc_column-inner\"><div class=\"wpb_wrapper\"><div class=\"w-image centrado fondo-fijo align_center\"><div class=\"w-image-h\"><img decoding=\"async\" width=\"1920\" height=\"1292\" src=\"https:\/\/www.grupoidex.es\/wp-content\/uploads\/2022\/04\/rsi2-fondo-fijo.png\" class=\"attachment-full size-full\" alt=\"\" loading=\"lazy\" srcset=\"https:\/\/www.grupoidex.es\/wp-content\/uploads\/2022\/04\/rsi2-fondo-fijo.png 1920w, https:\/\/www.grupoidex.es\/wp-content\/uploads\/2022\/04\/rsi2-fondo-fijo-300x202.png 300w, https:\/\/www.grupoidex.es\/wp-content\/uploads\/2022\/04\/rsi2-fondo-fijo-1024x689.png 1024w, https:\/\/www.grupoidex.es\/wp-content\/uploads\/2022\/04\/rsi2-fondo-fijo-768x517.png 768w\" sizes=\"auto, (max-width: 1920px) 100vw, 1920px\" \/><\/div><\/div><div class=\"w-image us_custom_d0b71bea align_none\" id=\"rsi2bola1\"><div class=\"w-image-h\"><img decoding=\"async\" width=\"600\" height=\"605\" src=\"https:\/\/www.grupoidex.es\/wp-content\/uploads\/2022\/03\/labola.png\" class=\"attachment-full size-full\" alt=\"\" loading=\"lazy\" srcset=\"https:\/\/www.grupoidex.es\/wp-content\/uploads\/2022\/03\/labola.png 600w, https:\/\/www.grupoidex.es\/wp-content\/uploads\/2022\/03\/labola-298x300.png 298w, https:\/\/www.grupoidex.es\/wp-content\/uploads\/2022\/03\/labola-150x150.png 150w\" sizes=\"auto, (max-width: 600px) 100vw, 600px\" \/><\/div><\/div><div class=\"w-image us_custom_f36b8beb align_none\" id=\"rsi2bola2\"><div class=\"w-image-h\"><img decoding=\"async\" width=\"600\" height=\"605\" src=\"https:\/\/www.grupoidex.es\/wp-content\/uploads\/2022\/03\/labola.png\" class=\"attachment-full size-full\" alt=\"\" loading=\"lazy\" srcset=\"https:\/\/www.grupoidex.es\/wp-content\/uploads\/2022\/03\/labola.png 600w, https:\/\/www.grupoidex.es\/wp-content\/uploads\/2022\/03\/labola-298x300.png 298w, https:\/\/www.grupoidex.es\/wp-content\/uploads\/2022\/03\/labola-150x150.png 150w\" sizes=\"auto, (max-width: 600px) 100vw, 600px\" \/><\/div><\/div><div class=\"w-image us_custom_b1f98d22 align_none\" id=\"rsi2bola3\"><div class=\"w-image-h\"><img decoding=\"async\" width=\"600\" height=\"605\" src=\"https:\/\/www.grupoidex.es\/wp-content\/uploads\/2022\/03\/labola.png\" class=\"attachment-full size-full\" alt=\"\" loading=\"lazy\" srcset=\"https:\/\/www.grupoidex.es\/wp-content\/uploads\/2022\/03\/labola.png 600w, https:\/\/www.grupoidex.es\/wp-content\/uploads\/2022\/03\/labola-298x300.png 298w, https:\/\/www.grupoidex.es\/wp-content\/uploads\/2022\/03\/labola-150x150.png 150w\" sizes=\"auto, (max-width: 600px) 100vw, 600px\" \/><\/div><\/div><div class=\"w-image us_custom_acd63e31 align_none\" id=\"rsi2bola4\"><div class=\"w-image-h\"><img decoding=\"async\" width=\"600\" height=\"605\" src=\"https:\/\/www.grupoidex.es\/wp-content\/uploads\/2022\/03\/labola.png\" class=\"attachment-full size-full\" alt=\"\" loading=\"lazy\" srcset=\"https:\/\/www.grupoidex.es\/wp-content\/uploads\/2022\/03\/labola.png 600w, https:\/\/www.grupoidex.es\/wp-content\/uploads\/2022\/03\/labola-298x300.png 298w, https:\/\/www.grupoidex.es\/wp-content\/uploads\/2022\/03\/labola-150x150.png 150w\" sizes=\"auto, (max-width: 600px) 100vw, 600px\" \/><\/div><\/div><div class=\"w-image us_custom_93373ea0 align_none\" id=\"rsi2bola5\"><div class=\"w-image-h\"><img decoding=\"async\" width=\"600\" height=\"605\" src=\"https:\/\/www.grupoidex.es\/wp-content\/uploads\/2022\/03\/labola.png\" class=\"attachment-full size-full\" alt=\"\" loading=\"lazy\" srcset=\"https:\/\/www.grupoidex.es\/wp-content\/uploads\/2022\/03\/labola.png 600w, https:\/\/www.grupoidex.es\/wp-content\/uploads\/2022\/03\/labola-298x300.png 298w, https:\/\/www.grupoidex.es\/wp-content\/uploads\/2022\/03\/labola-150x150.png 150w\" sizes=\"auto, (max-width: 600px) 100vw, 600px\" \/><\/div><\/div><\/div><\/div><\/div><\/div><\/div><\/div><\/div><\/div><\/div><\/section><section class=\"l-section wpb_row us_custom_8591a7b2 movil-si height_auto width_full\"><div class=\"l-section-h i-cf\"><div class=\"g-cols vc_row via_flex valign_top type_default stacking_default\"><div class=\"vc_col-sm-12 wpb_column vc_column_container\"><div class=\"vc_column-inner us_custom_8591a7b2\"><div class=\"wpb_wrapper\"><div class=\"w-image fondo-fijo full-width align_center\"><div class=\"w-image-h\"><img decoding=\"async\" width=\"1024\" height=\"585\" src=\"https:\/\/www.grupoidex.es\/wp-content\/uploads\/2022\/04\/rsi2-fondo-fijo-movil.png\" class=\"attachment-full size-full\" alt=\"\" loading=\"lazy\" srcset=\"https:\/\/www.grupoidex.es\/wp-content\/uploads\/2022\/04\/rsi2-fondo-fijo-movil.png 1024w, https:\/\/www.grupoidex.es\/wp-content\/uploads\/2022\/04\/rsi2-fondo-fijo-movil-300x171.png 300w, https:\/\/www.grupoidex.es\/wp-content\/uploads\/2022\/04\/rsi2-fondo-fijo-movil-768x439.png 768w\" sizes=\"auto, (max-width: 1024px) 100vw, 1024px\" \/><\/div><\/div><div class=\"w-image us_custom_d0b71bea align_none\" id=\"rsi2bola1\"><div class=\"w-image-h\"><img decoding=\"async\" width=\"600\" height=\"605\" src=\"https:\/\/www.grupoidex.es\/wp-content\/uploads\/2022\/03\/labola.png\" class=\"attachment-full size-full\" alt=\"\" loading=\"lazy\" srcset=\"https:\/\/www.grupoidex.es\/wp-content\/uploads\/2022\/03\/labola.png 600w, https:\/\/www.grupoidex.es\/wp-content\/uploads\/2022\/03\/labola-298x300.png 298w, https:\/\/www.grupoidex.es\/wp-content\/uploads\/2022\/03\/labola-150x150.png 150w\" sizes=\"auto, (max-width: 600px) 100vw, 600px\" \/><\/div><\/div><div class=\"w-image us_custom_f36b8beb align_none\" id=\"rsi2bola2\"><div class=\"w-image-h\"><img decoding=\"async\" width=\"600\" height=\"605\" src=\"https:\/\/www.grupoidex.es\/wp-content\/uploads\/2022\/03\/labola.png\" class=\"attachment-full size-full\" alt=\"\" loading=\"lazy\" srcset=\"https:\/\/www.grupoidex.es\/wp-content\/uploads\/2022\/03\/labola.png 600w, https:\/\/www.grupoidex.es\/wp-content\/uploads\/2022\/03\/labola-298x300.png 298w, https:\/\/www.grupoidex.es\/wp-content\/uploads\/2022\/03\/labola-150x150.png 150w\" sizes=\"auto, (max-width: 600px) 100vw, 600px\" \/><\/div><\/div><div class=\"w-image us_custom_b1f98d22 align_none\" id=\"rsi2bola3\"><div class=\"w-image-h\"><img decoding=\"async\" width=\"600\" height=\"605\" src=\"https:\/\/www.grupoidex.es\/wp-content\/uploads\/2022\/03\/labola.png\" class=\"attachment-full size-full\" alt=\"\" loading=\"lazy\" srcset=\"https:\/\/www.grupoidex.es\/wp-content\/uploads\/2022\/03\/labola.png 600w, https:\/\/www.grupoidex.es\/wp-content\/uploads\/2022\/03\/labola-298x300.png 298w, https:\/\/www.grupoidex.es\/wp-content\/uploads\/2022\/03\/labola-150x150.png 150w\" sizes=\"auto, (max-width: 600px) 100vw, 600px\" \/><\/div><\/div><div class=\"w-image us_custom_acd63e31 align_none\" id=\"rsi2bola4\"><div class=\"w-image-h\"><img decoding=\"async\" width=\"600\" height=\"605\" src=\"https:\/\/www.grupoidex.es\/wp-content\/uploads\/2022\/03\/labola.png\" class=\"attachment-full size-full\" alt=\"\" loading=\"lazy\" srcset=\"https:\/\/www.grupoidex.es\/wp-content\/uploads\/2022\/03\/labola.png 600w, https:\/\/www.grupoidex.es\/wp-content\/uploads\/2022\/03\/labola-298x300.png 298w, https:\/\/www.grupoidex.es\/wp-content\/uploads\/2022\/03\/labola-150x150.png 150w\" sizes=\"auto, (max-width: 600px) 100vw, 600px\" \/><\/div><\/div><div class=\"w-image us_custom_93373ea0 align_none\" id=\"rsi2bola5\"><div class=\"w-image-h\"><img decoding=\"async\" width=\"600\" height=\"605\" src=\"https:\/\/www.grupoidex.es\/wp-content\/uploads\/2022\/03\/labola.png\" class=\"attachment-full size-full\" alt=\"\" loading=\"lazy\" srcset=\"https:\/\/www.grupoidex.es\/wp-content\/uploads\/2022\/03\/labola.png 600w, https:\/\/www.grupoidex.es\/wp-content\/uploads\/2022\/03\/labola-298x300.png 298w, https:\/\/www.grupoidex.es\/wp-content\/uploads\/2022\/03\/labola-150x150.png 150w\" sizes=\"auto, (max-width: 600px) 100vw, 600px\" \/><\/div><\/div><\/div><\/div><\/div><\/div><\/div><\/section><section class=\"l-section wpb_row height_medium\"><div class=\"l-section-h i-cf\"><div class=\"g-cols vc_row via_flex valign_top type_default stacking_default\"><div class=\"vc_col-sm-2 wpb_column vc_column_container\"><div class=\"vc_column-inner\"><div class=\"wpb_wrapper\"><\/div><\/div><\/div><div class=\"vc_col-sm-8 wpb_column vc_column_container\"><div class=\"vc_column-inner\"><div class=\"wpb_wrapper\"><div class=\"wpb_text_column us_custom_f693ffa6\"><div class=\"wpb_wrapper\"><p style=\"text-align: center;\"><strong>In our case we consider it an integral part of our business model. An element of our DNA as fundamental to who we are as strategy or creativity. An &#8220;Inherent Social Responsibility&#8221;, which inspires us to be partners and signatories of the Spanish Network of the United Nations Global Compact, and to implement a Code of Ethics, a Social Commitment plan, a Work-Life Balance Plan, a Training Plan, an Equality Plan, a Volunteering Plan or an Ethical Management Policy.<\/strong><\/p>\n<p style=\"text-align: center;\"><strong>Likewise, to be part of a series of associations and entities that share with us values and objectives linked to the contribution of social value.<\/strong><\/p>\n<p style=\"text-align: center;\"><strong>Therefore, it is natural to find ourselves supporting projects associated with causes such as equality, support for cancer survivors, environmental awareness or help for groups at risk of exclusion, among many others.<\/strong><\/p>\n<\/div><\/div><\/div><\/div><\/div><div class=\"vc_col-sm-2 wpb_column vc_column_container\"><div class=\"vc_column-inner\"><div class=\"wpb_wrapper\"><\/div><\/div><\/div><\/div><\/div><\/section>\n","protected":false},"excerpt":{"rendered":"Inherent Social Responsibility It is very easy to say that you are a socially responsible company. But actually, being one takes a lot more work. In our case we consider it an integral part of our business model. An element of our DNA as fundamental to who we are as strategy or creativity. An &#8220;Inherent...","protected":false},"author":2,"featured_media":0,"parent":0,"menu_order":0,"comment_status":"closed","ping_status":"closed","template":"","meta":{"_acf_changed":false,"footnotes":""},"class_list":["post-27307","page","type-page","status-publish","hentry"],"acf":[],"yoast_head":"<!-- This site is optimized with the Yoast SEO plugin v27.3 - https:\/\/yoast.com\/product\/yoast-seo-wordpress\/ -->\n<title>Responsabilidad social corporativa - RSC, comunicaci\u00f3n y compromiso<\/title>\n<meta name=\"description\" content=\"Tratamos la Responsabilidad Social Corporativa (RSC), la comunicaci\u00f3n y el compromiso social como un punto clave para el \u00e9xito de las empresas.\" \/>\n<meta name=\"robots\" content=\"index, follow, max-snippet:-1, max-image-preview:large, max-video-preview:-1\" \/>\n<link rel=\"canonical\" href=\"https:\/\/www.gi.desarrolloidex.es\/en\/inherent-social-responsibility\/\" \/>\n<meta property=\"og:locale\" content=\"en_US\" \/>\n<meta property=\"og:type\" content=\"article\" \/>\n<meta property=\"og:title\" content=\"Responsabilidad social corporativa - RSC, comunicaci\u00f3n y compromiso\" \/>\n<meta property=\"og:description\" content=\"Tratamos la Responsabilidad Social Corporativa (RSC), la comunicaci\u00f3n y el compromiso social como un punto clave para el \u00e9xito de las empresas.\" \/>\n<meta property=\"og:url\" content=\"https:\/\/www.gi.desarrolloidex.es\/en\/inherent-social-responsibility\/\" \/>\n<meta property=\"og:site_name\" content=\"Grupoidex\" \/>\n<meta property=\"article:publisher\" content=\"https:\/\/www.facebook.com\/grupoidex\" \/>\n<meta property=\"article:modified_time\" content=\"2022-06-30T09:21:18+00:00\" \/>\n<meta name=\"twitter:card\" content=\"summary_large_image\" \/>\n<meta name=\"twitter:site\" content=\"@grupoidex\" \/>\n<meta name=\"twitter:label1\" content=\"Est. reading time\" \/>\n\t<meta name=\"twitter:data1\" content=\"2 minutes\" \/>\n<script type=\"application\/ld+json\" class=\"yoast-schema-graph\">{\"@context\":\"https:\\\/\\\/schema.org\",\"@graph\":[{\"@type\":\"WebPage\",\"@id\":\"https:\\\/\\\/www.gi.desarrolloidex.es\\\/en\\\/inherent-social-responsibility\\\/\",\"url\":\"https:\\\/\\\/www.gi.desarrolloidex.es\\\/en\\\/inherent-social-responsibility\\\/\",\"name\":\"Responsabilidad social corporativa - RSC, comunicaci\u00f3n y compromiso\",\"isPartOf\":{\"@id\":\"https:\\\/\\\/www.grupoidex.es\\\/#website\"},\"datePublished\":\"2022-03-21T12:03:04+00:00\",\"dateModified\":\"2022-06-30T09:21:18+00:00\",\"description\":\"Tratamos la Responsabilidad Social Corporativa (RSC), la comunicaci\u00f3n y el compromiso social como un punto clave para el \u00e9xito de las empresas.\",\"breadcrumb\":{\"@id\":\"https:\\\/\\\/www.gi.desarrolloidex.es\\\/en\\\/inherent-social-responsibility\\\/#breadcrumb\"},\"inLanguage\":\"en-US\",\"potentialAction\":[{\"@type\":\"ReadAction\",\"target\":[\"https:\\\/\\\/www.gi.desarrolloidex.es\\\/en\\\/inherent-social-responsibility\\\/\"]}]},{\"@type\":\"BreadcrumbList\",\"@id\":\"https:\\\/\\\/www.gi.desarrolloidex.es\\\/en\\\/inherent-social-responsibility\\\/#breadcrumb\",\"itemListElement\":[{\"@type\":\"ListItem\",\"position\":1,\"name\":\"Portada\",\"item\":\"https:\\\/\\\/www.grupoidex.es\\\/en\\\/\"},{\"@type\":\"ListItem\",\"position\":2,\"name\":\"Inherent social responsibility\"}]},{\"@type\":\"WebSite\",\"@id\":\"https:\\\/\\\/www.grupoidex.es\\\/#website\",\"url\":\"https:\\\/\\\/www.grupoidex.es\\\/\",\"name\":\"Grupoidex\",\"description\":\"Consultor\u00eda de comunicaci\u00f3n global con m\u00e1s de 20 a\u00f1os de actividad y trayectoria en el \u00e1mbito nacional e internacional.\",\"publisher\":{\"@id\":\"https:\\\/\\\/www.grupoidex.es\\\/#organization\"},\"potentialAction\":[{\"@type\":\"SearchAction\",\"target\":{\"@type\":\"EntryPoint\",\"urlTemplate\":\"https:\\\/\\\/www.grupoidex.es\\\/?s={search_term_string}\"},\"query-input\":{\"@type\":\"PropertyValueSpecification\",\"valueRequired\":true,\"valueName\":\"search_term_string\"}}],\"inLanguage\":\"en-US\"},{\"@type\":\"Organization\",\"@id\":\"https:\\\/\\\/www.grupoidex.es\\\/#organization\",\"name\":\"Grupoidex\",\"url\":\"https:\\\/\\\/www.grupoidex.es\\\/\",\"logo\":{\"@type\":\"ImageObject\",\"inLanguage\":\"en-US\",\"@id\":\"https:\\\/\\\/www.grupoidex.es\\\/#\\\/schema\\\/logo\\\/image\\\/\",\"url\":\"https:\\\/\\\/www.grupoidex.es\\\/wp-content\\\/uploads\\\/2018\\\/06\\\/favicon.png\",\"contentUrl\":\"https:\\\/\\\/www.grupoidex.es\\\/wp-content\\\/uploads\\\/2018\\\/06\\\/favicon.png\",\"width\":276,\"height\":276,\"caption\":\"Grupoidex\"},\"image\":{\"@id\":\"https:\\\/\\\/www.grupoidex.es\\\/#\\\/schema\\\/logo\\\/image\\\/\"},\"sameAs\":[\"https:\\\/\\\/www.facebook.com\\\/grupoidex\",\"https:\\\/\\\/x.com\\\/grupoidex\",\"https:\\\/\\\/www.instagram.com\\\/grupoidex\\\/\",\"https:\\\/\\\/www.linkedin.com\\\/company\\\/grupoidex\"]}]}<\/script>\n<!-- \/ Yoast SEO plugin. -->","yoast_head_json":{"title":"Responsabilidad social corporativa - RSC, comunicaci\u00f3n y compromiso","description":"Tratamos la Responsabilidad Social Corporativa (RSC), la comunicaci\u00f3n y el compromiso social como un punto clave para el \u00e9xito de las empresas.","robots":{"index":"index","follow":"follow","max-snippet":"max-snippet:-1","max-image-preview":"max-image-preview:large","max-video-preview":"max-video-preview:-1"},"canonical":"https:\/\/www.gi.desarrolloidex.es\/en\/inherent-social-responsibility\/","og_locale":"en_US","og_type":"article","og_title":"Responsabilidad social corporativa - RSC, comunicaci\u00f3n y compromiso","og_description":"Tratamos la Responsabilidad Social Corporativa (RSC), la comunicaci\u00f3n y el compromiso social como un punto clave para el \u00e9xito de las empresas.","og_url":"https:\/\/www.gi.desarrolloidex.es\/en\/inherent-social-responsibility\/","og_site_name":"Grupoidex","article_publisher":"https:\/\/www.facebook.com\/grupoidex","article_modified_time":"2022-06-30T09:21:18+00:00","twitter_card":"summary_large_image","twitter_site":"@grupoidex","twitter_misc":{"Est. reading time":"2 minutes"},"schema":{"@context":"https:\/\/schema.org","@graph":[{"@type":"WebPage","@id":"https:\/\/www.gi.desarrolloidex.es\/en\/inherent-social-responsibility\/","url":"https:\/\/www.gi.desarrolloidex.es\/en\/inherent-social-responsibility\/","name":"Responsabilidad social corporativa - RSC, comunicaci\u00f3n y compromiso","isPartOf":{"@id":"https:\/\/www.grupoidex.es\/#website"},"datePublished":"2022-03-21T12:03:04+00:00","dateModified":"2022-06-30T09:21:18+00:00","description":"Tratamos la Responsabilidad Social Corporativa (RSC), la comunicaci\u00f3n y el compromiso social como un punto clave para el \u00e9xito de las empresas.","breadcrumb":{"@id":"https:\/\/www.gi.desarrolloidex.es\/en\/inherent-social-responsibility\/#breadcrumb"},"inLanguage":"en-US","potentialAction":[{"@type":"ReadAction","target":["https:\/\/www.gi.desarrolloidex.es\/en\/inherent-social-responsibility\/"]}]},{"@type":"BreadcrumbList","@id":"https:\/\/www.gi.desarrolloidex.es\/en\/inherent-social-responsibility\/#breadcrumb","itemListElement":[{"@type":"ListItem","position":1,"name":"Portada","item":"https:\/\/www.grupoidex.es\/en\/"},{"@type":"ListItem","position":2,"name":"Inherent social responsibility"}]},{"@type":"WebSite","@id":"https:\/\/www.grupoidex.es\/#website","url":"https:\/\/www.grupoidex.es\/","name":"Grupoidex","description":"Consultor\u00eda de comunicaci\u00f3n global con m\u00e1s de 20 a\u00f1os de actividad y trayectoria en el \u00e1mbito nacional e internacional.","publisher":{"@id":"https:\/\/www.grupoidex.es\/#organization"},"potentialAction":[{"@type":"SearchAction","target":{"@type":"EntryPoint","urlTemplate":"https:\/\/www.grupoidex.es\/?s={search_term_string}"},"query-input":{"@type":"PropertyValueSpecification","valueRequired":true,"valueName":"search_term_string"}}],"inLanguage":"en-US"},{"@type":"Organization","@id":"https:\/\/www.grupoidex.es\/#organization","name":"Grupoidex","url":"https:\/\/www.grupoidex.es\/","logo":{"@type":"ImageObject","inLanguage":"en-US","@id":"https:\/\/www.grupoidex.es\/#\/schema\/logo\/image\/","url":"https:\/\/www.grupoidex.es\/wp-content\/uploads\/2018\/06\/favicon.png","contentUrl":"https:\/\/www.grupoidex.es\/wp-content\/uploads\/2018\/06\/favicon.png","width":276,"height":276,"caption":"Grupoidex"},"image":{"@id":"https:\/\/www.grupoidex.es\/#\/schema\/logo\/image\/"},"sameAs":["https:\/\/www.facebook.com\/grupoidex","https:\/\/x.com\/grupoidex","https:\/\/www.instagram.com\/grupoidex\/","https:\/\/www.linkedin.com\/company\/grupoidex"]}]}},"_links":{"self":[{"href":"https:\/\/www.grupoidex.es\/en\/wp-json\/wp\/v2\/pages\/27307","targetHints":{"allow":["GET"]}}],"collection":[{"href":"https:\/\/www.grupoidex.es\/en\/wp-json\/wp\/v2\/pages"}],"about":[{"href":"https:\/\/www.grupoidex.es\/en\/wp-json\/wp\/v2\/types\/page"}],"author":[{"embeddable":true,"href":"https:\/\/www.grupoidex.es\/en\/wp-json\/wp\/v2\/users\/2"}],"replies":[{"embeddable":true,"href":"https:\/\/www.grupoidex.es\/en\/wp-json\/wp\/v2\/comments?post=27307"}],"version-history":[{"count":3,"href":"https:\/\/www.grupoidex.es\/en\/wp-json\/wp\/v2\/pages\/27307\/revisions"}],"predecessor-version":[{"id":27335,"href":"https:\/\/www.grupoidex.es\/en\/wp-json\/wp\/v2\/pages\/27307\/revisions\/27335"}],"wp:attachment":[{"href":"https:\/\/www.grupoidex.es\/en\/wp-json\/wp\/v2\/media?parent=27307"}],"curies":[{"name":"wp","href":"https:\/\/api.w.org\/{rel}","templated":true}]}}